{"id":1030,"date":"2022-08-12T10:52:29","date_gmt":"2022-08-12T10:52:29","guid":{"rendered":"https:\/\/www.produccionornamental.com\/?page_id=1030"},"modified":"2024-09-30T09:47:40","modified_gmt":"2024-09-30T09:47:40","slug":"kundenbereich","status":"publish","type":"page","link":"https:\/\/www.produccionornamental.com\/de\/kundenbereich\/","title":{"rendered":"Kundenbereich"},"content":{"rendered":"<div class=\"wpb-content-wrapper\"><p>[vc_row css_animation=&#8220;&#8220; row_type=&#8220;row&#8220; use_row_as_full_screen_section=&#8220;no&#8220; type=&#8220;full_width&#8220; angled_section=&#8220;no&#8220; text_align=&#8220;left&#8220; background_image_as_pattern=&#8220;without_pattern&#8220; css=&#8220;.vc_custom_1660062330389{padding-top: 108px !important;padding-bottom: 140px !important;}&#8220;][vc_column width=&#8220;1\/2&#8243;][vc_single_image image=&#8220;216&#8243; img_size=&#8220;full&#8220; qode_css_animation=&#8220;&#8220;][vc_empty_space height=&#8220;60px&#8220;][\/vc_column][vc_column width=&#8220;1\/2&#8243;][vc_column_text css=&#8220;&#8220;]Um uns an die Bed\u00fcrfnisse unserer Kunden und die Entwicklung des Marktes anzupassen, haben wir den Kundenbereich geschaffen. Dadurch k\u00f6nnen unsere Kunden zwischen den verschiedenen Optionen w\u00e4hlen, die zur Verf\u00fcgung stehen:<\/p>\n<p>&nbsp;<\/p>\n<ul>\n<li>Geben Sie <strong>Bestellungen auf,<\/strong> indem Sie eine Kopie der Bestellung per E-Mail erhalten<\/li>\n<li>Erhalten Sie die <strong>Verf\u00fcgbarkeit von Pflanzen<\/strong> immer aktualisiert<\/li>\n<li><strong>Produktfotos<\/strong> ansehen<\/li>\n<li>Abfrage der <strong>Bestellhistorie<\/strong><\/li>\n<\/ul>\n<p>&nbsp;<\/p>\n<p>Um diesen Service nutzen zu k\u00f6nnen, m\u00fcssen Sie als Kunde in unserem System registriert sein. Wenn Sie noch kein Benutzer sind und noch kein Passwort haben, wenden Sie sich bitte an unsere Verkaufsabteilung: <a class=\"mail\" href=\"mailto:info@produccionornamental.com\">info@produccionornamental.com<\/a>[\/vc_column_text][vc_empty_space height=&#8220;60px&#8220;][vc_raw_html]JTNDZGl2JTIwc3R5bGUlM0QlMjJkaXNwbGF5JTNBZmxleCUzQmFsaWduLWl0ZW1zJTNBY2VudGVyJTNCJTIyJTNFJTBBJTNDZGl2JTIwY2xhc3MlM0QlMjJhcmVhX2ltZyUyMiUzRSUzQ2ltZyUyMHNyYyUzRCUyMmh0dHBzJTNBJTJGJTJGd3d3LnByb2R1Y2Npb25vcm5hbWVudGFsLmNvbSUyRndwLWNvbnRlbnQlMkZ1cGxvYWRzJTJGMjAyMyUyRjA1JTJGY3JvcHBlZC1QT01fcGVyZmlsX1doYXRzYXBwLnBuZyUyMiUyMHdpZHRoJTNEJTIyNjBweCUyMiUyMGhlaWdodCUzRCUyMmF1dG8lMjIlMjBzdHlsZSUzRCUyMm1hcmdpbi1yaWdodCUzQTVweCUzQiUyMiUzRSUzQyUyRmRpdiUzRSUwQSUzQ2RpdiUzRSUzQ2ElMjBocmVmJTNEJTIyaHR0cCUzQSUyRiUyRnBlZGlkb3MucHJvZHVjY2lvbm9ybmFtZW50YWwuY29tJTJGaW5kZXgucGhwJTIyJTIwY2xhc3MlM0QlMjJhcmVhJTIyJTIwdGFyZ2V0JTNEJTIyX2JsYW5rJTIyJTNFS1VOREVOQkVSRUlDSCUyMCUzRSUzQyUyRmElM0UlM0MlMkZkaXYlM0U=[\/vc_raw_html][\/vc_column][\/vc_row]<\/p>\n<\/div>","protected":false},"excerpt":{"rendered":"<p>[vc_row css_animation=&#8220;&#8220; row_type=&#8220;row&#8220; use_row_as_full_screen_section=&#8220;no&#8220; type=&#8220;full_width&#8220; angled_section=&#8220;no&#8220; text_align=&#8220;left&#8220; background_image_as_pattern=&#8220;without_pattern&#8220; css=&#8220;.vc_custom_1660062330389{padding-top: 108px !important;padding-bottom: 140px !important;}&#8220;][vc_column width=&#8220;1\/2&#8243;][vc_single_image image=&#8220;216&#8243; img_size=&#8220;full&#8220; qode_css_animation=&#8220;&#8220;][vc_empty_space height=&#8220;60px&#8220;][\/vc_column][vc_column width=&#8220;1\/2&#8243;][vc_column_text css=&#8220;&#8220;]Um uns an die Bed\u00fcrfnisse unserer Kunden und die Entwicklung des Marktes anzupassen, haben wir den Kundenbereich geschaffen. Dadurch k\u00f6nnen unsere Kunden zwischen den verschiedenen Optionen&#8230;<\/p>\n","protected":false},"author":1,"featured_media":0,"parent":0,"menu_order":0,"comment_status":"closed","ping_status":"closed","template":"","meta":{"footnotes":""},"class_list":["post-1030","page","type-page","status-publish","hentry"],"yoast_head":"<!-- This site is optimized with the Yoast SEO Premium plugin v19.3 (Yoast SEO v27.2) - https:\/\/yoast.com\/product\/yoast-seo-premium-wordpress\/ -->\n<title>Kundenbereich - Producci\u00f3n Ornamental Mediterr\u00e1neo<\/title>\n<meta name=\"robots\" content=\"noindex, follow\" \/>\n<meta property=\"og:locale\" content=\"de_DE\" \/>\n<meta property=\"og:type\" content=\"article\" \/>\n<meta property=\"og:title\" content=\"Kundenbereich\" \/>\n<meta property=\"og:description\" content=\"[vc_row css_animation=&#8220;&#8220; row_type=&#8220;row&#8220; use_row_as_full_screen_section=&#8220;no&#8220; type=&#8220;full_width&#8220; angled_section=&#8220;no&#8220; text_align=&#8220;left&#8220; background_image_as_pattern=&#8220;without_pattern&#8220; css=&#8220;.vc_custom_1660062330389{padding-top: 108px !important;padding-bottom: 140px !important;}&#8220;][vc_column width=&#8220;1\/2&#8243;][vc_single_image image=&#8220;216&#8243; img_size=&#8220;full&#8220; qode_css_animation=&#8220;&#8220;][vc_empty_space height=&#8220;60px&#8220;][\/vc_column][vc_column width=&#8220;1\/2&#8243;][vc_column_text css=&#8220;&#8220;]Um uns an die Bed\u00fcrfnisse unserer Kunden und die Entwicklung des Marktes anzupassen, haben wir den Kundenbereich geschaffen. Dadurch k\u00f6nnen unsere Kunden zwischen den verschiedenen Optionen...\" \/>\n<meta property=\"og:url\" content=\"https:\/\/www.produccionornamental.com\/de\/kundenbereich\/\" \/>\n<meta property=\"og:site_name\" content=\"Producci\u00f3n Ornamental Mediterr\u00e1neo\" \/>\n<meta property=\"article:publisher\" content=\"https:\/\/www.facebook.com\/produccionornamentalmediterraneo\" \/>\n<meta property=\"article:modified_time\" content=\"2024-09-30T09:47:40+00:00\" \/>\n<meta property=\"og:image\" content=\"https:\/\/www.produccionornamental.com\/wp-content\/uploads\/2016\/07\/11.jpg\" \/>\n\t<meta property=\"og:image:width\" content=\"800\" \/>\n\t<meta property=\"og:image:height\" content=\"525\" \/>\n\t<meta property=\"og:image:type\" content=\"image\/jpeg\" \/>\n<meta name=\"twitter:card\" content=\"summary_large_image\" \/>\n<meta name=\"twitter:site\" content=\"@pomproduccion\" \/>\n<meta name=\"twitter:label1\" content=\"Gesch\u00e4tzte Lesezeit\" \/>\n\t<meta name=\"twitter:data1\" content=\"1\u00a0Minute\" \/>\n<script type=\"application\/ld+json\" class=\"yoast-schema-graph\">{\"@context\":\"https:\/\/schema.org\",\"@graph\":[{\"@type\":\"WebPage\",\"@id\":\"https:\/\/www.produccionornamental.com\/de\/kundenbereich\/\",\"url\":\"https:\/\/www.produccionornamental.com\/de\/kundenbereich\/\",\"name\":\"Kundenbereich - Producci\u00f3n Ornamental Mediterr\u00e1neo\",\"isPartOf\":{\"@id\":\"https:\/\/www.produccionornamental.com\/de\/#website\"},\"datePublished\":\"2022-08-12T10:52:29+00:00\",\"dateModified\":\"2024-09-30T09:47:40+00:00\",\"breadcrumb\":{\"@id\":\"https:\/\/www.produccionornamental.com\/de\/kundenbereich\/#breadcrumb\"},\"inLanguage\":\"de\",\"potentialAction\":[{\"@type\":\"ReadAction\",\"target\":[\"https:\/\/www.produccionornamental.com\/de\/kundenbereich\/\"]}]},{\"@type\":\"BreadcrumbList\",\"@id\":\"https:\/\/www.produccionornamental.com\/de\/kundenbereich\/#breadcrumb\",\"itemListElement\":[{\"@type\":\"ListItem\",\"position\":1,\"name\":\"Portada\",\"item\":\"https:\/\/www.produccionornamental.com\/de\/\"},{\"@type\":\"ListItem\",\"position\":2,\"name\":\"Kundenbereich\"}]},{\"@type\":\"WebSite\",\"@id\":\"https:\/\/www.produccionornamental.com\/de\/#website\",\"url\":\"https:\/\/www.produccionornamental.com\/de\/\",\"name\":\"Producci\u00f3n Ornamental Mediterr\u00e1neo\",\"description\":\"POM es una empresa con sede en Almer\u00eda (Espa\u00f1a) especializada en la producci\u00f3n y comercializaci\u00f3n de plantas ornamentales\",\"publisher\":{\"@id\":\"https:\/\/www.produccionornamental.com\/de\/#organization\"},\"alternateName\":\"POM\",\"potentialAction\":[{\"@type\":\"SearchAction\",\"target\":{\"@type\":\"EntryPoint\",\"urlTemplate\":\"https:\/\/www.produccionornamental.com\/de\/?s={search_term_string}\"},\"query-input\":{\"@type\":\"PropertyValueSpecification\",\"valueRequired\":true,\"valueName\":\"search_term_string\"}}],\"inLanguage\":\"de\"},{\"@type\":\"Organization\",\"@id\":\"https:\/\/www.produccionornamental.com\/de\/#organization\",\"name\":\"Producci\u00f3n Ornamental Mediterr\u00e1neo\",\"alternateName\":\"POM\",\"url\":\"https:\/\/www.produccionornamental.com\/de\/\",\"logo\":{\"@type\":\"ImageObject\",\"inLanguage\":\"de\",\"@id\":\"https:\/\/www.produccionornamental.com\/de\/#\/schema\/logo\/image\/\",\"url\":\"https:\/\/www.produccionornamental.com\/wp-content\/uploads\/2016\/11\/imago.png\",\"contentUrl\":\"https:\/\/www.produccionornamental.com\/wp-content\/uploads\/2016\/11\/imago.png\",\"width\":100,\"height\":100,\"caption\":\"Producci\u00f3n Ornamental Mediterr\u00e1neo\"},\"image\":{\"@id\":\"https:\/\/www.produccionornamental.com\/de\/#\/schema\/logo\/image\/\"},\"sameAs\":[\"https:\/\/www.facebook.com\/produccionornamentalmediterraneo\",\"https:\/\/x.com\/pomproduccion\",\"https:\/\/www.linkedin.com\/in\/produccin-ornamental-mediterraneo-31146a155\/\",\"https:\/\/www.youtube.com\/channel\/UCASuatYHCPWxhlOCoBIlgzA\",\"https:\/\/www.instagram.com\/produccion_ornamental_pom\/\"]}]}<\/script>\n<!-- \/ Yoast SEO Premium plugin. -->","yoast_head_json":{"title":"Kundenbereich - Producci\u00f3n Ornamental Mediterr\u00e1neo","robots":{"index":"noindex","follow":"follow"},"og_locale":"de_DE","og_type":"article","og_title":"Kundenbereich","og_description":"[vc_row css_animation=&#8220;&#8220; row_type=&#8220;row&#8220; use_row_as_full_screen_section=&#8220;no&#8220; type=&#8220;full_width&#8220; angled_section=&#8220;no&#8220; text_align=&#8220;left&#8220; background_image_as_pattern=&#8220;without_pattern&#8220; css=&#8220;.vc_custom_1660062330389{padding-top: 108px !important;padding-bottom: 140px !important;}&#8220;][vc_column width=&#8220;1\/2&#8243;][vc_single_image image=&#8220;216&#8243; img_size=&#8220;full&#8220; qode_css_animation=&#8220;&#8220;][vc_empty_space height=&#8220;60px&#8220;][\/vc_column][vc_column width=&#8220;1\/2&#8243;][vc_column_text css=&#8220;&#8220;]Um uns an die Bed\u00fcrfnisse unserer Kunden und die Entwicklung des Marktes anzupassen, haben wir den Kundenbereich geschaffen. Dadurch k\u00f6nnen unsere Kunden zwischen den verschiedenen Optionen...","og_url":"https:\/\/www.produccionornamental.com\/de\/kundenbereich\/","og_site_name":"Producci\u00f3n Ornamental Mediterr\u00e1neo","article_publisher":"https:\/\/www.facebook.com\/produccionornamentalmediterraneo","article_modified_time":"2024-09-30T09:47:40+00:00","og_image":[{"width":800,"height":525,"url":"https:\/\/www.produccionornamental.com\/wp-content\/uploads\/2016\/07\/11.jpg","type":"image\/jpeg"}],"twitter_card":"summary_large_image","twitter_site":"@pomproduccion","twitter_misc":{"Gesch\u00e4tzte Lesezeit":"1\u00a0Minute"},"schema":{"@context":"https:\/\/schema.org","@graph":[{"@type":"WebPage","@id":"https:\/\/www.produccionornamental.com\/de\/kundenbereich\/","url":"https:\/\/www.produccionornamental.com\/de\/kundenbereich\/","name":"Kundenbereich - Producci\u00f3n Ornamental Mediterr\u00e1neo","isPartOf":{"@id":"https:\/\/www.produccionornamental.com\/de\/#website"},"datePublished":"2022-08-12T10:52:29+00:00","dateModified":"2024-09-30T09:47:40+00:00","breadcrumb":{"@id":"https:\/\/www.produccionornamental.com\/de\/kundenbereich\/#breadcrumb"},"inLanguage":"de","potentialAction":[{"@type":"ReadAction","target":["https:\/\/www.produccionornamental.com\/de\/kundenbereich\/"]}]},{"@type":"BreadcrumbList","@id":"https:\/\/www.produccionornamental.com\/de\/kundenbereich\/#breadcrumb","itemListElement":[{"@type":"ListItem","position":1,"name":"Portada","item":"https:\/\/www.produccionornamental.com\/de\/"},{"@type":"ListItem","position":2,"name":"Kundenbereich"}]},{"@type":"WebSite","@id":"https:\/\/www.produccionornamental.com\/de\/#website","url":"https:\/\/www.produccionornamental.com\/de\/","name":"Producci\u00f3n Ornamental Mediterr\u00e1neo","description":"POM es una empresa con sede en Almer\u00eda (Espa\u00f1a) especializada en la producci\u00f3n y comercializaci\u00f3n de plantas ornamentales","publisher":{"@id":"https:\/\/www.produccionornamental.com\/de\/#organization"},"alternateName":"POM","potentialAction":[{"@type":"SearchAction","target":{"@type":"EntryPoint","urlTemplate":"https:\/\/www.produccionornamental.com\/de\/?s={search_term_string}"},"query-input":{"@type":"PropertyValueSpecification","valueRequired":true,"valueName":"search_term_string"}}],"inLanguage":"de"},{"@type":"Organization","@id":"https:\/\/www.produccionornamental.com\/de\/#organization","name":"Producci\u00f3n Ornamental Mediterr\u00e1neo","alternateName":"POM","url":"https:\/\/www.produccionornamental.com\/de\/","logo":{"@type":"ImageObject","inLanguage":"de","@id":"https:\/\/www.produccionornamental.com\/de\/#\/schema\/logo\/image\/","url":"https:\/\/www.produccionornamental.com\/wp-content\/uploads\/2016\/11\/imago.png","contentUrl":"https:\/\/www.produccionornamental.com\/wp-content\/uploads\/2016\/11\/imago.png","width":100,"height":100,"caption":"Producci\u00f3n Ornamental Mediterr\u00e1neo"},"image":{"@id":"https:\/\/www.produccionornamental.com\/de\/#\/schema\/logo\/image\/"},"sameAs":["https:\/\/www.facebook.com\/produccionornamentalmediterraneo","https:\/\/x.com\/pomproduccion","https:\/\/www.linkedin.com\/in\/produccin-ornamental-mediterraneo-31146a155\/","https:\/\/www.youtube.com\/channel\/UCASuatYHCPWxhlOCoBIlgzA","https:\/\/www.instagram.com\/produccion_ornamental_pom\/"]}]}},"_links":{"self":[{"href":"https:\/\/www.produccionornamental.com\/de\/wp-json\/wp\/v2\/pages\/1030","targetHints":{"allow":["GET"]}}],"collection":[{"href":"https:\/\/www.produccionornamental.com\/de\/wp-json\/wp\/v2\/pages"}],"about":[{"href":"https:\/\/www.produccionornamental.com\/de\/wp-json\/wp\/v2\/types\/page"}],"author":[{"embeddable":true,"href":"https:\/\/www.produccionornamental.com\/de\/wp-json\/wp\/v2\/users\/1"}],"replies":[{"embeddable":true,"href":"https:\/\/www.produccionornamental.com\/de\/wp-json\/wp\/v2\/comments?post=1030"}],"version-history":[{"count":5,"href":"https:\/\/www.produccionornamental.com\/de\/wp-json\/wp\/v2\/pages\/1030\/revisions"}],"predecessor-version":[{"id":9464,"href":"https:\/\/www.produccionornamental.com\/de\/wp-json\/wp\/v2\/pages\/1030\/revisions\/9464"}],"wp:attachment":[{"href":"https:\/\/www.produccionornamental.com\/de\/wp-json\/wp\/v2\/media?parent=1030"}],"curies":[{"name":"wp","href":"https:\/\/api.w.org\/{rel}","templated":true}]}}