{"id":1027,"date":"2022-08-12T10:34:55","date_gmt":"2022-08-12T10:34:55","guid":{"rendered":"https:\/\/www.produccionornamental.com\/?page_id=1027"},"modified":"2024-01-02T07:25:37","modified_gmt":"2024-01-02T07:25:37","slug":"customer-area","status":"publish","type":"page","link":"https:\/\/www.produccionornamental.com\/en\/customer-area\/","title":{"rendered":"Customer area"},"content":{"rendered":"<div class=\"wpb-content-wrapper\"><p>[vc_row row_type=&#8221;row&#8221; use_row_as_full_screen_section=&#8221;no&#8221; type=&#8221;full_width&#8221; angled_section=&#8221;no&#8221; text_align=&#8221;left&#8221; background_image_as_pattern=&#8221;without_pattern&#8221; css_animation=&#8221;&#8221; css=&#8221;.vc_custom_1660062330389{padding-top: 108px !important;padding-bottom: 140px !important;}&#8221;][vc_column width=&#8221;1\/2&#8243;][vc_single_image image=&#8221;216&#8243; img_size=&#8221;full&#8221; qode_css_animation=&#8221;&#8221;][vc_empty_space height=&#8221;60px&#8221;][\/vc_column][vc_column width=&#8221;1\/2&#8243;][vc_column_text]<\/p>\n<p>Looking forward to adapt our Customer Service to the needs of our clients, we have developed our Customer Area. Threw this specific area, our customers are able to choose among different options as:<\/p>\n<p>&nbsp;<\/p>\n<ul>\n<li>Making <strong>an online order<\/strong><\/li>\n<li>Know the <strong>availability of our plants,<\/strong> always actualized<\/li>\n<li>See <strong>real pictures<\/strong> of our plants<\/li>\n<li>Get your <strong>order history<\/strong><\/li>\n<\/ul>\n<p>&nbsp;<\/p>\n<p>To use this service you have to sign in with your account. If you don\u2019t have any account yet, please get in contact with our sales department: <a class=\"mail\" href=\"mailto:info@produccionornamental.com\">info@produccionornamental.com<\/a><\/p>\n<p>[\/vc_column_text][vc_empty_space height=&#8221;60px&#8221;][vc_raw_html]JTNDZGl2JTIwc3R5bGUlM0QlMjJkaXNwbGF5JTNBZmxleCUzQmFsaWduLWl0ZW1zJTNBY2VudGVyJTNCJTIyJTNFJTBBJTNDZGl2JTIwY2xhc3MlM0QlMjJhcmVhX2ltZyUyMiUzRSUzQ2ltZyUyMHNyYyUzRCUyMmh0dHBzJTNBJTJGJTJGd3d3LnByb2R1Y2Npb25vcm5hbWVudGFsLmNvbSUyRndwLWNvbnRlbnQlMkZ1cGxvYWRzJTJGMjAyMyUyRjA1JTJGY3JvcHBlZC1QT01fcGVyZmlsX1doYXRzYXBwLnBuZyUyMiUyMHdpZHRoJTNEJTIyNjBweCUyMiUyMGhlaWdodCUzRCUyMmF1dG8lMjIlMjBzdHlsZSUzRCUyMm1hcmdpbi1yaWdodCUzQTVweCUzQiUyMiUzRSUzQyUyRmRpdiUzRSUwQSUzQ2RpdiUzRSUzQ2ElMjBocmVmJTNEJTIyaHR0cCUzQSUyRiUyRnBlZGlkb3MucHJvZHVjY2lvbm9ybmFtZW50YWwuY29tJTJGaW5kZXgucGhwJTIyJTIwY2xhc3MlM0QlMjJhcmVhJTIyJTIwdGFyZ2V0JTNEJTIyX2JsYW5rJTIyJTNFR08lMjBUTyUyMENVU1RPTUVSJTIwQVJFQSUyMCUzRSUzQyUyRmElM0UlM0MlMkZkaXYlM0U=[\/vc_raw_html][\/vc_column][\/vc_row]<\/p>\n<\/div>","protected":false},"excerpt":{"rendered":"<p>[vc_row row_type=&#8221;row&#8221; use_row_as_full_screen_section=&#8221;no&#8221; type=&#8221;full_width&#8221; angled_section=&#8221;no&#8221; text_align=&#8221;left&#8221; background_image_as_pattern=&#8221;without_pattern&#8221; css_animation=&#8221;&#8221; css=&#8221;.vc_custom_1660062330389{padding-top: 108px !important;padding-bottom: 140px !important;}&#8221;][vc_column width=&#8221;1\/2&#8243;][vc_single_image image=&#8221;216&#8243; img_size=&#8221;full&#8221; qode_css_animation=&#8221;&#8221;][vc_empty_space height=&#8221;60px&#8221;][\/vc_column][vc_column width=&#8221;1\/2&#8243;][vc_column_text] Looking forward to adapt our Customer Service to the needs of our clients, we have developed our Customer Area. Threw this specific area, our customers are&#8230;<\/p>\n","protected":false},"author":1,"featured_media":0,"parent":0,"menu_order":0,"comment_status":"closed","ping_status":"closed","template":"","meta":{"footnotes":""},"class_list":["post-1027","page","type-page","status-publish","hentry"],"yoast_head":"<!-- This site is optimized with the Yoast SEO Premium plugin v19.3 (Yoast SEO v27.2) - https:\/\/yoast.com\/product\/yoast-seo-premium-wordpress\/ -->\n<title>Customer area - Producci\u00f3n Ornamental Mediterr\u00e1neo<\/title>\n<meta name=\"robots\" content=\"noindex, follow\" \/>\n<meta property=\"og:locale\" content=\"en_US\" \/>\n<meta property=\"og:type\" content=\"article\" \/>\n<meta property=\"og:title\" content=\"Customer area\" \/>\n<meta property=\"og:description\" content=\"[vc_row row_type=&#8221;row&#8221; use_row_as_full_screen_section=&#8221;no&#8221; type=&#8221;full_width&#8221; angled_section=&#8221;no&#8221; text_align=&#8221;left&#8221; background_image_as_pattern=&#8221;without_pattern&#8221; css_animation=&#8221;&#8221; css=&#8221;.vc_custom_1660062330389{padding-top: 108px !important;padding-bottom: 140px !important;}&#8221;][vc_column width=&#8221;1\/2&#8243;][vc_single_image image=&#8221;216&#8243; img_size=&#8221;full&#8221; qode_css_animation=&#8221;&#8221;][vc_empty_space height=&#8221;60px&#8221;][\/vc_column][vc_column width=&#8221;1\/2&#8243;][vc_column_text] Looking forward to adapt our Customer Service to the needs of our clients, we have developed our Customer Area. Threw this specific area, our customers are...\" \/>\n<meta property=\"og:url\" content=\"https:\/\/www.produccionornamental.com\/en\/customer-area\/\" \/>\n<meta property=\"og:site_name\" content=\"Producci\u00f3n Ornamental Mediterr\u00e1neo\" \/>\n<meta property=\"article:publisher\" content=\"https:\/\/www.facebook.com\/produccionornamentalmediterraneo\" \/>\n<meta property=\"article:modified_time\" content=\"2024-01-02T07:25:37+00:00\" \/>\n<meta property=\"og:image\" content=\"https:\/\/www.produccionornamental.com\/wp-content\/uploads\/2016\/07\/11.jpg\" \/>\n\t<meta property=\"og:image:width\" content=\"800\" \/>\n\t<meta property=\"og:image:height\" content=\"525\" \/>\n\t<meta property=\"og:image:type\" content=\"image\/jpeg\" \/>\n<meta name=\"twitter:card\" content=\"summary_large_image\" \/>\n<meta name=\"twitter:site\" content=\"@pomproduccion\" \/>\n<meta name=\"twitter:label1\" content=\"Est. reading time\" \/>\n\t<meta name=\"twitter:data1\" content=\"1 minute\" \/>\n<script type=\"application\/ld+json\" class=\"yoast-schema-graph\">{\"@context\":\"https:\/\/schema.org\",\"@graph\":[{\"@type\":\"WebPage\",\"@id\":\"https:\/\/www.produccionornamental.com\/en\/customer-area\/\",\"url\":\"https:\/\/www.produccionornamental.com\/en\/customer-area\/\",\"name\":\"Customer area - Producci\u00f3n Ornamental Mediterr\u00e1neo\",\"isPartOf\":{\"@id\":\"https:\/\/www.produccionornamental.com\/en\/#website\"},\"datePublished\":\"2022-08-12T10:34:55+00:00\",\"dateModified\":\"2024-01-02T07:25:37+00:00\",\"breadcrumb\":{\"@id\":\"https:\/\/www.produccionornamental.com\/en\/customer-area\/#breadcrumb\"},\"inLanguage\":\"en-US\",\"potentialAction\":[{\"@type\":\"ReadAction\",\"target\":[\"https:\/\/www.produccionornamental.com\/en\/customer-area\/\"]}]},{\"@type\":\"BreadcrumbList\",\"@id\":\"https:\/\/www.produccionornamental.com\/en\/customer-area\/#breadcrumb\",\"itemListElement\":[{\"@type\":\"ListItem\",\"position\":1,\"name\":\"Portada\",\"item\":\"https:\/\/www.produccionornamental.com\/en\/\"},{\"@type\":\"ListItem\",\"position\":2,\"name\":\"Customer area\"}]},{\"@type\":\"WebSite\",\"@id\":\"https:\/\/www.produccionornamental.com\/en\/#website\",\"url\":\"https:\/\/www.produccionornamental.com\/en\/\",\"name\":\"Producci\u00f3n Ornamental Mediterr\u00e1neo\",\"description\":\"POM es una empresa con sede en Almer\u00eda (Espa\u00f1a) especializada en la producci\u00f3n y comercializaci\u00f3n de plantas ornamentales\",\"publisher\":{\"@id\":\"https:\/\/www.produccionornamental.com\/en\/#organization\"},\"alternateName\":\"POM\",\"potentialAction\":[{\"@type\":\"SearchAction\",\"target\":{\"@type\":\"EntryPoint\",\"urlTemplate\":\"https:\/\/www.produccionornamental.com\/en\/?s={search_term_string}\"},\"query-input\":{\"@type\":\"PropertyValueSpecification\",\"valueRequired\":true,\"valueName\":\"search_term_string\"}}],\"inLanguage\":\"en-US\"},{\"@type\":\"Organization\",\"@id\":\"https:\/\/www.produccionornamental.com\/en\/#organization\",\"name\":\"Producci\u00f3n Ornamental Mediterr\u00e1neo\",\"alternateName\":\"POM\",\"url\":\"https:\/\/www.produccionornamental.com\/en\/\",\"logo\":{\"@type\":\"ImageObject\",\"inLanguage\":\"en-US\",\"@id\":\"https:\/\/www.produccionornamental.com\/en\/#\/schema\/logo\/image\/\",\"url\":\"https:\/\/www.produccionornamental.com\/wp-content\/uploads\/2016\/11\/imago.png\",\"contentUrl\":\"https:\/\/www.produccionornamental.com\/wp-content\/uploads\/2016\/11\/imago.png\",\"width\":100,\"height\":100,\"caption\":\"Producci\u00f3n Ornamental Mediterr\u00e1neo\"},\"image\":{\"@id\":\"https:\/\/www.produccionornamental.com\/en\/#\/schema\/logo\/image\/\"},\"sameAs\":[\"https:\/\/www.facebook.com\/produccionornamentalmediterraneo\",\"https:\/\/x.com\/pomproduccion\",\"https:\/\/www.linkedin.com\/in\/produccin-ornamental-mediterraneo-31146a155\/\",\"https:\/\/www.youtube.com\/channel\/UCASuatYHCPWxhlOCoBIlgzA\",\"https:\/\/www.instagram.com\/produccion_ornamental_pom\/\"]}]}<\/script>\n<!-- \/ Yoast SEO Premium plugin. -->","yoast_head_json":{"title":"Customer area - Producci\u00f3n Ornamental Mediterr\u00e1neo","robots":{"index":"noindex","follow":"follow"},"og_locale":"en_US","og_type":"article","og_title":"Customer area","og_description":"[vc_row row_type=&#8221;row&#8221; use_row_as_full_screen_section=&#8221;no&#8221; type=&#8221;full_width&#8221; angled_section=&#8221;no&#8221; text_align=&#8221;left&#8221; background_image_as_pattern=&#8221;without_pattern&#8221; css_animation=&#8221;&#8221; css=&#8221;.vc_custom_1660062330389{padding-top: 108px !important;padding-bottom: 140px !important;}&#8221;][vc_column width=&#8221;1\/2&#8243;][vc_single_image image=&#8221;216&#8243; img_size=&#8221;full&#8221; qode_css_animation=&#8221;&#8221;][vc_empty_space height=&#8221;60px&#8221;][\/vc_column][vc_column width=&#8221;1\/2&#8243;][vc_column_text] Looking forward to adapt our Customer Service to the needs of our clients, we have developed our Customer Area. Threw this specific area, our customers are...","og_url":"https:\/\/www.produccionornamental.com\/en\/customer-area\/","og_site_name":"Producci\u00f3n Ornamental Mediterr\u00e1neo","article_publisher":"https:\/\/www.facebook.com\/produccionornamentalmediterraneo","article_modified_time":"2024-01-02T07:25:37+00:00","og_image":[{"width":800,"height":525,"url":"https:\/\/www.produccionornamental.com\/wp-content\/uploads\/2016\/07\/11.jpg","type":"image\/jpeg"}],"twitter_card":"summary_large_image","twitter_site":"@pomproduccion","twitter_misc":{"Est. reading time":"1 minute"},"schema":{"@context":"https:\/\/schema.org","@graph":[{"@type":"WebPage","@id":"https:\/\/www.produccionornamental.com\/en\/customer-area\/","url":"https:\/\/www.produccionornamental.com\/en\/customer-area\/","name":"Customer area - Producci\u00f3n Ornamental Mediterr\u00e1neo","isPartOf":{"@id":"https:\/\/www.produccionornamental.com\/en\/#website"},"datePublished":"2022-08-12T10:34:55+00:00","dateModified":"2024-01-02T07:25:37+00:00","breadcrumb":{"@id":"https:\/\/www.produccionornamental.com\/en\/customer-area\/#breadcrumb"},"inLanguage":"en-US","potentialAction":[{"@type":"ReadAction","target":["https:\/\/www.produccionornamental.com\/en\/customer-area\/"]}]},{"@type":"BreadcrumbList","@id":"https:\/\/www.produccionornamental.com\/en\/customer-area\/#breadcrumb","itemListElement":[{"@type":"ListItem","position":1,"name":"Portada","item":"https:\/\/www.produccionornamental.com\/en\/"},{"@type":"ListItem","position":2,"name":"Customer area"}]},{"@type":"WebSite","@id":"https:\/\/www.produccionornamental.com\/en\/#website","url":"https:\/\/www.produccionornamental.com\/en\/","name":"Producci\u00f3n Ornamental Mediterr\u00e1neo","description":"POM es una empresa con sede en Almer\u00eda (Espa\u00f1a) especializada en la producci\u00f3n y comercializaci\u00f3n de plantas ornamentales","publisher":{"@id":"https:\/\/www.produccionornamental.com\/en\/#organization"},"alternateName":"POM","potentialAction":[{"@type":"SearchAction","target":{"@type":"EntryPoint","urlTemplate":"https:\/\/www.produccionornamental.com\/en\/?s={search_term_string}"},"query-input":{"@type":"PropertyValueSpecification","valueRequired":true,"valueName":"search_term_string"}}],"inLanguage":"en-US"},{"@type":"Organization","@id":"https:\/\/www.produccionornamental.com\/en\/#organization","name":"Producci\u00f3n Ornamental Mediterr\u00e1neo","alternateName":"POM","url":"https:\/\/www.produccionornamental.com\/en\/","logo":{"@type":"ImageObject","inLanguage":"en-US","@id":"https:\/\/www.produccionornamental.com\/en\/#\/schema\/logo\/image\/","url":"https:\/\/www.produccionornamental.com\/wp-content\/uploads\/2016\/11\/imago.png","contentUrl":"https:\/\/www.produccionornamental.com\/wp-content\/uploads\/2016\/11\/imago.png","width":100,"height":100,"caption":"Producci\u00f3n Ornamental Mediterr\u00e1neo"},"image":{"@id":"https:\/\/www.produccionornamental.com\/en\/#\/schema\/logo\/image\/"},"sameAs":["https:\/\/www.facebook.com\/produccionornamentalmediterraneo","https:\/\/x.com\/pomproduccion","https:\/\/www.linkedin.com\/in\/produccin-ornamental-mediterraneo-31146a155\/","https:\/\/www.youtube.com\/channel\/UCASuatYHCPWxhlOCoBIlgzA","https:\/\/www.instagram.com\/produccion_ornamental_pom\/"]}]}},"_links":{"self":[{"href":"https:\/\/www.produccionornamental.com\/en\/wp-json\/wp\/v2\/pages\/1027","targetHints":{"allow":["GET"]}}],"collection":[{"href":"https:\/\/www.produccionornamental.com\/en\/wp-json\/wp\/v2\/pages"}],"about":[{"href":"https:\/\/www.produccionornamental.com\/en\/wp-json\/wp\/v2\/types\/page"}],"author":[{"embeddable":true,"href":"https:\/\/www.produccionornamental.com\/en\/wp-json\/wp\/v2\/users\/1"}],"replies":[{"embeddable":true,"href":"https:\/\/www.produccionornamental.com\/en\/wp-json\/wp\/v2\/comments?post=1027"}],"version-history":[{"count":2,"href":"https:\/\/www.produccionornamental.com\/en\/wp-json\/wp\/v2\/pages\/1027\/revisions"}],"predecessor-version":[{"id":5658,"href":"https:\/\/www.produccionornamental.com\/en\/wp-json\/wp\/v2\/pages\/1027\/revisions\/5658"}],"wp:attachment":[{"href":"https:\/\/www.produccionornamental.com\/en\/wp-json\/wp\/v2\/media?parent=1027"}],"curies":[{"name":"wp","href":"https:\/\/api.w.org\/{rel}","templated":true}]}}