{"id":10549,"date":"2025-06-10T10:51:59","date_gmt":"2025-06-10T10:51:59","guid":{"rendered":"https:\/\/www.produccionornamental.com\/equipo\/"},"modified":"2025-12-19T08:14:41","modified_gmt":"2025-12-19T08:14:41","slug":"team","status":"publish","type":"page","link":"https:\/\/www.produccionornamental.com\/en\/team\/","title":{"rendered":"Team"},"content":{"rendered":"<div class=\"wpb-content-wrapper\"><p>[vc_row css_animation=&#8221;&#8221; row_type=&#8221;row&#8221; use_row_as_full_screen_section=&#8221;no&#8221; type=&#8221;full_width&#8221; angled_section=&#8221;no&#8221; text_align=&#8221;left&#8221; background_image_as_pattern=&#8221;without_pattern&#8221;][vc_column][vc_column_text css=&#8221;&#8221;]<\/p>\n<h1 class=\"h2\" style=\"text-align: center;\">We are <strong>Profesionals<\/strong><\/h1>\n<p>[\/vc_column_text][vc_separator type=&#8221;normal&#8221; color=&#8221;#000000&#8243; thickness=&#8221;1px&#8221; up=&#8221;24&#8243; down=&#8221;24&#8243;][\/vc_column][\/vc_row][vc_row css_animation=&#8221;&#8221; row_type=&#8221;row&#8221; use_row_as_full_screen_section=&#8221;no&#8221; type=&#8221;full_width&#8221; angled_section=&#8221;no&#8221; text_align=&#8221;center&#8221; background_image_as_pattern=&#8221;without_pattern&#8221; z_index=&#8221;&#8221; el_class=&#8221;limit-width&#8221;][vc_column][vc_empty_space height=&#8221;24px&#8221;][vc_column_text css=&#8221;&#8221;]Our team is characterized by its passion, professionalism, and constant motivation to continue growing. From production to sales and management, each person contributes essential value.<\/p>\n<p>Achieving our goals would not be possible without the best people at our side.[\/vc_column_text][vc_empty_space height=&#8221;60px&#8221;][\/vc_column][\/vc_row][vc_row css_animation=&#8221;&#8221; row_type=&#8221;row&#8221; use_row_as_full_screen_section=&#8221;no&#8221; type=&#8221;full_width&#8221; angled_section=&#8221;no&#8221; text_align=&#8221;left&#8221; background_image_as_pattern=&#8221;without_pattern&#8221;][vc_column width=&#8221;1\/4&#8243;]<div class=\"image_hover \" data-transition-delay=\"\"><div class=\"images_holder\"><img decoding=\"async\" itemprop=\"image\" class=\"active_image \" src=\"https:\/\/www.produccionornamental.com\/wp-content\/uploads\/2025\/06\/Dioni_Co-fundador-CEO.jpg\" alt=\"Dioni Co-fundador CEO\" style=\"\" \/><img decoding=\"async\" itemprop=\"image\" class=\"hover_image\" src=\"https:\/\/www.produccionornamental.com\/wp-content\/uploads\/2025\/06\/Dioni-2-Co-fundador-CEO.jpg\" alt=\"Hover Image\" style=\"\" \/><\/div><\/div>[vc_empty_space height=&#8221;20px&#8221;][vc_column_text css=&#8221;&#8221;]<\/p>\n<h5>Dioni<br \/>\nCo founder and CEO<\/h5>\n<p>[\/vc_column_text][vc_empty_space height=&#8221;20px&#8221;][vc_column_text css=&#8221;&#8221;]<i class=\"qode_icon_font_awesome fa fa-phone-square qode_icon_element\"><\/i> <a href=\"tel:+34647715840\">+34 647 715 840<\/a><br \/>\n<i class=\"qode_icon_font_awesome fa fa-linkedin-square qode_icon_element\"><\/i> <a href=\"https:\/\/www.linkedin.com\/in\/dionifreniche\/\" target=\"_blank\" rel=\"noopener\">Linkedin<\/a>[\/vc_column_text][\/vc_column][vc_column width=&#8221;1\/4&#8243;]<div class=\"image_hover \" data-transition-delay=\"\"><div class=\"images_holder\"><img decoding=\"async\" itemprop=\"image\" class=\"active_image \" src=\"https:\/\/www.produccionornamental.com\/wp-content\/uploads\/2025\/06\/Julio-Co-fundador-CEO.jpg\" alt=\"Julio Co-fundador CEO\" style=\"\" \/><img decoding=\"async\" itemprop=\"image\" class=\"hover_image\" src=\"https:\/\/www.produccionornamental.com\/wp-content\/uploads\/2025\/06\/Julio-2-Co-fundador-CEO.jpg\" alt=\"Julio Co-fundador CEO\" style=\"\" \/><\/div><\/div>[vc_empty_space height=&#8221;20px&#8221;][vc_column_text css=&#8221;&#8221;]<\/p>\n<h5>Julio<br \/>\nCo founder and CEO<\/h5>\n<p>[\/vc_column_text][vc_empty_space height=&#8221;20px&#8221;][vc_column_text css=&#8221;&#8221;]<i class=\"qode_icon_font_awesome fa fa-phone-square qode_icon_element\"><\/i> <a href=\"tel:+34666800458\">+34 666 800 458<\/a><br \/>\n<i class=\"qode_icon_font_awesome fa fa-linkedin-square qode_icon_element\"><\/i> <a href=\"https:\/\/www.linkedin.com\/in\/julio-francisco-vicini-b16a0734\/\" target=\"_blank\" rel=\"noopener\">Linkedin<\/a>[\/vc_column_text][\/vc_column][vc_column width=&#8221;1\/4&#8243;]<div class=\"image_hover \" data-transition-delay=\"\"><div class=\"images_holder\"><img decoding=\"async\" itemprop=\"image\" class=\"active_image \" src=\"https:\/\/www.produccionornamental.com\/wp-content\/uploads\/2025\/06\/Pablo-Director_Operaciones-COO.jpg\" alt=\"Pablo Director Operaciones-COO\" style=\"\" \/><img decoding=\"async\" itemprop=\"image\" class=\"hover_image\" src=\"https:\/\/www.produccionornamental.com\/wp-content\/uploads\/2025\/06\/Pablo-2-Director_Operaciones-COO.jpg\" alt=\"Hover Image\" style=\"\" \/><\/div><\/div>[vc_empty_space height=&#8221;20px&#8221;][vc_column_text css=&#8221;&#8221;]<\/p>\n<h5>Pablo<br \/>\nDirector of Operations COO<\/h5>\n<p>[\/vc_column_text][vc_empty_space height=&#8221;20px&#8221;][vc_column_text css=&#8221;&#8221;]<i class=\"qode_icon_font_awesome fa fa-phone-square qode_icon_element\"><\/i> <a href=\"tel:+34722803472\">+34 722 803 472 <\/a><br \/>\n<i class=\"qode_icon_font_awesome fa fa-linkedin-square qode_icon_element\"><\/i> <a href=\"https:\/\/www.linkedin.com\/in\/pablo-martin-granes\/\" target=\"_blank\" rel=\"noopener\">Linkedin<\/a>[\/vc_column_text][\/vc_column][vc_column width=&#8221;1\/4&#8243;]<div class=\"image_hover \" data-transition-delay=\"\"><div class=\"images_holder\"><img decoding=\"async\" itemprop=\"image\" class=\"active_image \" src=\"https:\/\/www.produccionornamental.com\/wp-content\/uploads\/2025\/06\/Loly-Contable-administrativo.jpg\" alt=\"Loly Contable administrativo\" style=\"\" \/><img decoding=\"async\" itemprop=\"image\" class=\"hover_image\" src=\"https:\/\/www.produccionornamental.com\/wp-content\/uploads\/2025\/06\/Loly-2-Contable-administrativo.jpg\" alt=\"Loly Contable administrativo\" style=\"\" \/><\/div><\/div>[vc_empty_space height=&#8221;20px&#8221;][vc_column_text css=&#8221;&#8221;]<\/p>\n<h5>Loly<br \/>\nAdministrative Accountant<\/h5>\n<p>[\/vc_column_text][vc_empty_space height=&#8221;20px&#8221;][vc_column_text css=&#8221;&#8221;]<i class=\"qode_icon_font_awesome fa fa-phone-square qode_icon_element\"><\/i> <a href=\"tel:+34637788973\">+34 637 788 973<\/a><br \/>\n<i class=\"qode_icon_font_awesome fa fa-linkedin-square qode_icon_element\"><\/i> <a href=\"https:\/\/www.linkedin.com\/in\/loli-lao-robles-576b0b170\/\" target=\"_blank\" rel=\"noopener\">Linkedin<\/a>[\/vc_column_text][\/vc_column][\/vc_row][vc_row css_animation=&#8221;&#8221; row_type=&#8221;row&#8221; use_row_as_full_screen_section=&#8221;no&#8221; type=&#8221;full_width&#8221; angled_section=&#8221;no&#8221; text_align=&#8221;left&#8221; background_image_as_pattern=&#8221;without_pattern&#8221;][vc_column][vc_empty_space height=&#8221;60px&#8221;][\/vc_column][\/vc_row][vc_row css_animation=&#8221;&#8221; row_type=&#8221;row&#8221; use_row_as_full_screen_section=&#8221;no&#8221; type=&#8221;full_width&#8221; angled_section=&#8221;no&#8221; text_align=&#8221;left&#8221; background_image_as_pattern=&#8221;without_pattern&#8221;][vc_column width=&#8221;1\/4&#8243;]<div class=\"image_hover \" data-transition-delay=\"\"><div class=\"images_holder\"><img decoding=\"async\" itemprop=\"image\" class=\"active_image \" src=\"https:\/\/www.produccionornamental.com\/wp-content\/uploads\/2025\/06\/Hollman-Responsable-Ventas-Nacionales.jpg\" alt=\"Hollman Responsable Ventas-Nacionales\" style=\"\" \/><img decoding=\"async\" itemprop=\"image\" class=\"hover_image\" src=\"https:\/\/www.produccionornamental.com\/wp-content\/uploads\/2025\/06\/Hollman-2-Responsable-Ventas-Nacionales.jpg\" alt=\"Hollman Responsable Ventas Nacionales\" style=\"\" \/><\/div><\/div>[vc_empty_space height=&#8221;20px&#8221;][vc_column_text css=&#8221;&#8221;]<\/p>\n<h5>Hollman<br \/>\nNational Sales Manager<\/h5>\n<p>[\/vc_column_text][vc_empty_space height=&#8221;20px&#8221;][vc_column_text css=&#8221;&#8221;]<i class=\"qode_icon_font_awesome fa fa-phone-square qode_icon_element\"><\/i> <a href=\"tel:+34722803455\">+34 722 803 455<\/a><br \/>\n<i class=\"qode_icon_font_awesome fa fa-linkedin-square qode_icon_element\"><\/i> <a href=\"https:\/\/www.linkedin.com\/in\/hollman-p%C3%A1ez-498667253\/\" target=\"_blank\" rel=\"noopener\">Linkedin<\/a>[\/vc_column_text][\/vc_column][vc_column width=&#8221;1\/4&#8243;]<div class=\"image_hover \" data-transition-delay=\"\"><div class=\"images_holder\"><img decoding=\"async\" itemprop=\"image\" class=\"active_image \" src=\"https:\/\/www.produccionornamental.com\/wp-content\/uploads\/2025\/06\/Gabriel-Responsable-Transporte.jpg\" alt=\"Gabriel Responsable Transporte\" style=\"\" \/><img decoding=\"async\" itemprop=\"image\" class=\"hover_image\" src=\"https:\/\/www.produccionornamental.com\/wp-content\/uploads\/2025\/06\/Gabriel-2-Responsable-Transporte.jpg\" alt=\"Gabriel Responsable Transporte\" style=\"\" \/><\/div><\/div>[vc_empty_space height=&#8221;20px&#8221;][vc_column_text css=&#8221;&#8221;]<\/p>\n<h5>Gabriel<br \/>\nShipping Manager<\/h5>\n<p>[\/vc_column_text][vc_empty_space height=&#8221;20px&#8221;][vc_column_text css=&#8221;&#8221;]<i class=\"qode_icon_font_awesome fa fa-phone-square qode_icon_element\"><\/i> <a href=\"tel:+34658583858\">+34 658 583 858<\/a>[\/vc_column_text][\/vc_column][\/vc_row][vc_row css_animation=&#8221;&#8221; row_type=&#8221;row&#8221; use_row_as_full_screen_section=&#8221;no&#8221; type=&#8221;full_width&#8221; angled_section=&#8221;no&#8221; text_align=&#8221;left&#8221; background_image_as_pattern=&#8221;without_pattern&#8221;][vc_column][vc_empty_space height=&#8221;80px&#8221;][\/vc_column][\/vc_row]<\/p>\n<\/div>","protected":false},"excerpt":{"rendered":"<p>[vc_row css_animation=&#8221;&#8221; row_type=&#8221;row&#8221; use_row_as_full_screen_section=&#8221;no&#8221; type=&#8221;full_width&#8221; angled_section=&#8221;no&#8221; text_align=&#8221;left&#8221; background_image_as_pattern=&#8221;without_pattern&#8221;][vc_column][vc_column_text css=&#8221;&#8221;] We are Profesionals [\/vc_column_text][vc_separator type=&#8221;normal&#8221; color=&#8221;#000000&#8243; thickness=&#8221;1px&#8221; up=&#8221;24&#8243; down=&#8221;24&#8243;][\/vc_column][\/vc_row][vc_row css_animation=&#8221;&#8221; row_type=&#8221;row&#8221; use_row_as_full_screen_section=&#8221;no&#8221; type=&#8221;full_width&#8221; angled_section=&#8221;no&#8221; text_align=&#8221;center&#8221; background_image_as_pattern=&#8221;without_pattern&#8221; z_index=&#8221;&#8221; el_class=&#8221;limit-width&#8221;][vc_column][vc_empty_space height=&#8221;24px&#8221;][vc_column_text css=&#8221;&#8221;]Our team is characterized by its passion, professionalism, and constant motivation to continue growing. From production to&#8230;<\/p>\n","protected":false},"author":1,"featured_media":0,"parent":0,"menu_order":0,"comment_status":"closed","ping_status":"closed","template":"","meta":{"footnotes":""},"class_list":["post-10549","page","type-page","status-publish","hentry"],"yoast_head":"<!-- This site is optimized with the Yoast SEO Premium plugin v19.3 (Yoast SEO v27.2) - https:\/\/yoast.com\/product\/yoast-seo-premium-wordpress\/ -->\n<title>Team - Producci\u00f3n Ornamental Mediterr\u00e1neo<\/title>\n<meta name=\"robots\" content=\"index, follow, max-snippet:-1, max-image-preview:large, max-video-preview:-1\" \/>\n<link rel=\"canonical\" href=\"https:\/\/www.produccionornamental.com\/en\/team\/\" \/>\n<meta property=\"og:locale\" content=\"en_US\" \/>\n<meta property=\"og:type\" content=\"article\" \/>\n<meta property=\"og:title\" content=\"Team\" \/>\n<meta property=\"og:description\" content=\"[vc_row css_animation=&#8221;&#8221; row_type=&#8221;row&#8221; use_row_as_full_screen_section=&#8221;no&#8221; type=&#8221;full_width&#8221; angled_section=&#8221;no&#8221; text_align=&#8221;left&#8221; background_image_as_pattern=&#8221;without_pattern&#8221;][vc_column][vc_column_text css=&#8221;&#8221;] We are Profesionals [\/vc_column_text][vc_separator type=&#8221;normal&#8221; color=&#8221;#000000&#8243; thickness=&#8221;1px&#8221; up=&#8221;24&#8243; down=&#8221;24&#8243;][\/vc_column][\/vc_row][vc_row css_animation=&#8221;&#8221; row_type=&#8221;row&#8221; use_row_as_full_screen_section=&#8221;no&#8221; type=&#8221;full_width&#8221; angled_section=&#8221;no&#8221; text_align=&#8221;center&#8221; background_image_as_pattern=&#8221;without_pattern&#8221; z_index=&#8221;&#8221; el_class=&#8221;limit-width&#8221;][vc_column][vc_empty_space height=&#8221;24px&#8221;][vc_column_text css=&#8221;&#8221;]Our team is characterized by its passion, professionalism, and constant motivation to continue growing. From production to...\" \/>\n<meta property=\"og:url\" content=\"https:\/\/www.produccionornamental.com\/en\/team\/\" \/>\n<meta property=\"og:site_name\" content=\"Producci\u00f3n Ornamental Mediterr\u00e1neo\" \/>\n<meta property=\"article:publisher\" content=\"https:\/\/www.facebook.com\/produccionornamentalmediterraneo\" \/>\n<meta property=\"article:modified_time\" content=\"2025-12-19T08:14:41+00:00\" \/>\n<meta property=\"og:image\" content=\"https:\/\/www.produccionornamental.com\/wp-content\/uploads\/2016\/07\/11.jpg\" \/>\n\t<meta property=\"og:image:width\" content=\"800\" \/>\n\t<meta property=\"og:image:height\" content=\"525\" \/>\n\t<meta property=\"og:image:type\" content=\"image\/jpeg\" \/>\n<meta name=\"twitter:card\" content=\"summary_large_image\" \/>\n<meta name=\"twitter:site\" content=\"@pomproduccion\" \/>\n<meta name=\"twitter:label1\" content=\"Est. reading time\" \/>\n\t<meta name=\"twitter:data1\" content=\"2 minutes\" \/>\n<script type=\"application\/ld+json\" class=\"yoast-schema-graph\">{\"@context\":\"https:\/\/schema.org\",\"@graph\":[{\"@type\":\"WebPage\",\"@id\":\"https:\/\/www.produccionornamental.com\/en\/team\/\",\"url\":\"https:\/\/www.produccionornamental.com\/en\/team\/\",\"name\":\"Team - Producci\u00f3n Ornamental Mediterr\u00e1neo\",\"isPartOf\":{\"@id\":\"https:\/\/www.produccionornamental.com\/en\/#website\"},\"datePublished\":\"2025-06-10T10:51:59+00:00\",\"dateModified\":\"2025-12-19T08:14:41+00:00\",\"breadcrumb\":{\"@id\":\"https:\/\/www.produccionornamental.com\/en\/team\/#breadcrumb\"},\"inLanguage\":\"en-US\",\"potentialAction\":[{\"@type\":\"ReadAction\",\"target\":[\"https:\/\/www.produccionornamental.com\/en\/team\/\"]}]},{\"@type\":\"BreadcrumbList\",\"@id\":\"https:\/\/www.produccionornamental.com\/en\/team\/#breadcrumb\",\"itemListElement\":[{\"@type\":\"ListItem\",\"position\":1,\"name\":\"Portada\",\"item\":\"https:\/\/www.produccionornamental.com\/en\/\"},{\"@type\":\"ListItem\",\"position\":2,\"name\":\"Team\"}]},{\"@type\":\"WebSite\",\"@id\":\"https:\/\/www.produccionornamental.com\/en\/#website\",\"url\":\"https:\/\/www.produccionornamental.com\/en\/\",\"name\":\"Producci\u00f3n Ornamental Mediterr\u00e1neo\",\"description\":\"POM es una empresa con sede en Almer\u00eda (Espa\u00f1a) especializada en la producci\u00f3n y comercializaci\u00f3n de plantas ornamentales\",\"publisher\":{\"@id\":\"https:\/\/www.produccionornamental.com\/en\/#organization\"},\"alternateName\":\"POM\",\"potentialAction\":[{\"@type\":\"SearchAction\",\"target\":{\"@type\":\"EntryPoint\",\"urlTemplate\":\"https:\/\/www.produccionornamental.com\/en\/?s={search_term_string}\"},\"query-input\":{\"@type\":\"PropertyValueSpecification\",\"valueRequired\":true,\"valueName\":\"search_term_string\"}}],\"inLanguage\":\"en-US\"},{\"@type\":\"Organization\",\"@id\":\"https:\/\/www.produccionornamental.com\/en\/#organization\",\"name\":\"Producci\u00f3n Ornamental Mediterr\u00e1neo\",\"alternateName\":\"POM\",\"url\":\"https:\/\/www.produccionornamental.com\/en\/\",\"logo\":{\"@type\":\"ImageObject\",\"inLanguage\":\"en-US\",\"@id\":\"https:\/\/www.produccionornamental.com\/en\/#\/schema\/logo\/image\/\",\"url\":\"https:\/\/www.produccionornamental.com\/wp-content\/uploads\/2016\/11\/imago.png\",\"contentUrl\":\"https:\/\/www.produccionornamental.com\/wp-content\/uploads\/2016\/11\/imago.png\",\"width\":100,\"height\":100,\"caption\":\"Producci\u00f3n Ornamental Mediterr\u00e1neo\"},\"image\":{\"@id\":\"https:\/\/www.produccionornamental.com\/en\/#\/schema\/logo\/image\/\"},\"sameAs\":[\"https:\/\/www.facebook.com\/produccionornamentalmediterraneo\",\"https:\/\/x.com\/pomproduccion\",\"https:\/\/www.linkedin.com\/in\/produccin-ornamental-mediterraneo-31146a155\/\",\"https:\/\/www.youtube.com\/channel\/UCASuatYHCPWxhlOCoBIlgzA\",\"https:\/\/www.instagram.com\/produccion_ornamental_pom\/\"]}]}<\/script>\n<!-- \/ Yoast SEO Premium plugin. -->","yoast_head_json":{"title":"Team - Producci\u00f3n Ornamental Mediterr\u00e1neo","robots":{"index":"index","follow":"follow","max-snippet":"max-snippet:-1","max-image-preview":"max-image-preview:large","max-video-preview":"max-video-preview:-1"},"canonical":"https:\/\/www.produccionornamental.com\/en\/team\/","og_locale":"en_US","og_type":"article","og_title":"Team","og_description":"[vc_row css_animation=&#8221;&#8221; row_type=&#8221;row&#8221; use_row_as_full_screen_section=&#8221;no&#8221; type=&#8221;full_width&#8221; angled_section=&#8221;no&#8221; text_align=&#8221;left&#8221; background_image_as_pattern=&#8221;without_pattern&#8221;][vc_column][vc_column_text css=&#8221;&#8221;] We are Profesionals [\/vc_column_text][vc_separator type=&#8221;normal&#8221; color=&#8221;#000000&#8243; thickness=&#8221;1px&#8221; up=&#8221;24&#8243; down=&#8221;24&#8243;][\/vc_column][\/vc_row][vc_row css_animation=&#8221;&#8221; row_type=&#8221;row&#8221; use_row_as_full_screen_section=&#8221;no&#8221; type=&#8221;full_width&#8221; angled_section=&#8221;no&#8221; text_align=&#8221;center&#8221; background_image_as_pattern=&#8221;without_pattern&#8221; z_index=&#8221;&#8221; el_class=&#8221;limit-width&#8221;][vc_column][vc_empty_space height=&#8221;24px&#8221;][vc_column_text css=&#8221;&#8221;]Our team is characterized by its passion, professionalism, and constant motivation to continue growing. From production to...","og_url":"https:\/\/www.produccionornamental.com\/en\/team\/","og_site_name":"Producci\u00f3n Ornamental Mediterr\u00e1neo","article_publisher":"https:\/\/www.facebook.com\/produccionornamentalmediterraneo","article_modified_time":"2025-12-19T08:14:41+00:00","og_image":[{"width":800,"height":525,"url":"https:\/\/www.produccionornamental.com\/wp-content\/uploads\/2016\/07\/11.jpg","type":"image\/jpeg"}],"twitter_card":"summary_large_image","twitter_site":"@pomproduccion","twitter_misc":{"Est. reading time":"2 minutes"},"schema":{"@context":"https:\/\/schema.org","@graph":[{"@type":"WebPage","@id":"https:\/\/www.produccionornamental.com\/en\/team\/","url":"https:\/\/www.produccionornamental.com\/en\/team\/","name":"Team - Producci\u00f3n Ornamental Mediterr\u00e1neo","isPartOf":{"@id":"https:\/\/www.produccionornamental.com\/en\/#website"},"datePublished":"2025-06-10T10:51:59+00:00","dateModified":"2025-12-19T08:14:41+00:00","breadcrumb":{"@id":"https:\/\/www.produccionornamental.com\/en\/team\/#breadcrumb"},"inLanguage":"en-US","potentialAction":[{"@type":"ReadAction","target":["https:\/\/www.produccionornamental.com\/en\/team\/"]}]},{"@type":"BreadcrumbList","@id":"https:\/\/www.produccionornamental.com\/en\/team\/#breadcrumb","itemListElement":[{"@type":"ListItem","position":1,"name":"Portada","item":"https:\/\/www.produccionornamental.com\/en\/"},{"@type":"ListItem","position":2,"name":"Team"}]},{"@type":"WebSite","@id":"https:\/\/www.produccionornamental.com\/en\/#website","url":"https:\/\/www.produccionornamental.com\/en\/","name":"Producci\u00f3n Ornamental Mediterr\u00e1neo","description":"POM es una empresa con sede en Almer\u00eda (Espa\u00f1a) especializada en la producci\u00f3n y comercializaci\u00f3n de plantas ornamentales","publisher":{"@id":"https:\/\/www.produccionornamental.com\/en\/#organization"},"alternateName":"POM","potentialAction":[{"@type":"SearchAction","target":{"@type":"EntryPoint","urlTemplate":"https:\/\/www.produccionornamental.com\/en\/?s={search_term_string}"},"query-input":{"@type":"PropertyValueSpecification","valueRequired":true,"valueName":"search_term_string"}}],"inLanguage":"en-US"},{"@type":"Organization","@id":"https:\/\/www.produccionornamental.com\/en\/#organization","name":"Producci\u00f3n Ornamental Mediterr\u00e1neo","alternateName":"POM","url":"https:\/\/www.produccionornamental.com\/en\/","logo":{"@type":"ImageObject","inLanguage":"en-US","@id":"https:\/\/www.produccionornamental.com\/en\/#\/schema\/logo\/image\/","url":"https:\/\/www.produccionornamental.com\/wp-content\/uploads\/2016\/11\/imago.png","contentUrl":"https:\/\/www.produccionornamental.com\/wp-content\/uploads\/2016\/11\/imago.png","width":100,"height":100,"caption":"Producci\u00f3n Ornamental Mediterr\u00e1neo"},"image":{"@id":"https:\/\/www.produccionornamental.com\/en\/#\/schema\/logo\/image\/"},"sameAs":["https:\/\/www.facebook.com\/produccionornamentalmediterraneo","https:\/\/x.com\/pomproduccion","https:\/\/www.linkedin.com\/in\/produccin-ornamental-mediterraneo-31146a155\/","https:\/\/www.youtube.com\/channel\/UCASuatYHCPWxhlOCoBIlgzA","https:\/\/www.instagram.com\/produccion_ornamental_pom\/"]}]}},"_links":{"self":[{"href":"https:\/\/www.produccionornamental.com\/en\/wp-json\/wp\/v2\/pages\/10549","targetHints":{"allow":["GET"]}}],"collection":[{"href":"https:\/\/www.produccionornamental.com\/en\/wp-json\/wp\/v2\/pages"}],"about":[{"href":"https:\/\/www.produccionornamental.com\/en\/wp-json\/wp\/v2\/types\/page"}],"author":[{"embeddable":true,"href":"https:\/\/www.produccionornamental.com\/en\/wp-json\/wp\/v2\/users\/1"}],"replies":[{"embeddable":true,"href":"https:\/\/www.produccionornamental.com\/en\/wp-json\/wp\/v2\/comments?post=10549"}],"version-history":[{"count":6,"href":"https:\/\/www.produccionornamental.com\/en\/wp-json\/wp\/v2\/pages\/10549\/revisions"}],"predecessor-version":[{"id":11084,"href":"https:\/\/www.produccionornamental.com\/en\/wp-json\/wp\/v2\/pages\/10549\/revisions\/11084"}],"wp:attachment":[{"href":"https:\/\/www.produccionornamental.com\/en\/wp-json\/wp\/v2\/media?parent=10549"}],"curies":[{"name":"wp","href":"https:\/\/api.w.org\/{rel}","templated":true}]}}