{"id":599,"date":"2018-12-05T11:46:18","date_gmt":"2018-12-05T11:46:18","guid":{"rendered":"http:\/\/www.produccionornamental.com\/?page_id=599"},"modified":"2018-12-05T12:48:15","modified_gmt":"2018-12-05T12:48:15","slug":"cookies-policy","status":"publish","type":"page","link":"https:\/\/www.produccionornamental.com\/en\/cookies-policy\/","title":{"rendered":"Cookies policy"},"content":{"rendered":"<div class=\"wpb-content-wrapper\"><p>[vc_row row_type=&#8221;row&#8221; use_row_as_full_screen_section=&#8221;no&#8221; type=&#8221;grid&#8221; angled_section=&#8221;no&#8221; text_align=&#8221;left&#8221; background_image_as_pattern=&#8221;without_pattern&#8221; css_animation=&#8221;&#8221; css=&#8221;.vc_custom_1484559386172{padding-top: 140px !important;padding-bottom: 114px !important;}&#8221;][vc_column][vc_column_text css=&#8221;.vc_custom_1544010031316{margin-bottom: 50px !important;}&#8221;]<\/p>\n<h2 style=\"letter-spacing: 2px;\">COOKIES POLICY<\/h2>\n<p>[\/vc_column_text][vc_column_text]A cookie is a file which is downloaded on your computer when you access certain websites. Cookies allow websites, among other things, to store and retrieve information about a user\u2019s navigation habits or about their equipment, and depending on the information contained and the way the equipment is used, they can be used to recognize the user.<\/p>\n<p>&nbsp;<\/p>\n<p>&#8211; <strong>Technical cookies<\/strong>: They are those which allow the user navigation through a website, platform, or application, and the use of the different options or services which they may contain, like, for instance, controlling the traffic and communication of data, identifying the session, accessing parts of restricted access, recalling the items which make up an order, carrying out the purchase process of an order, applying for registration or participation in an event, using security elements during navigation, storing contents for<br \/>\nthe dissemination of videos or sound, or sharing contents through social networks.<br \/>\n&#8211; <strong>Personalization Cookies<\/strong>: They are those which allow the user to access the service with some predefined features of general character following a series of criteria in the user\u2019s terminal, like for instance the language, the type of web browser through which they access the service, the regional configuration from which they access the service, etc.<br \/>\n&#8211; <strong>Analysis Cookies<\/strong>: They are those which allow the entity responsible for them the follow- up and the analysis of users\u2019 behavior in the websites to which they are linked. The information collected by means of this type of cookies is used in measuring the activity in the website, application or platform, and to elaborate navigation profiles of the users of such websites, applications and platforms, in order to introduce improvements following the data of the use made by the service users.<br \/>\n&#8211; <strong>Advertising Cookies<\/strong>: They are those which allow the management, in the most efficient way, of the advertising space which, accordingly, the editor may have included in a website, application, or platform from which the requested service is provided based on criteria like the edited content or the frequency with which the advertisements are shown.<br \/>\n&#8211; <strong>Behavioral Advertising Cookies<\/strong>: They are those which allow the management, in the most efficient way, of the advertising space which, accordingly, the editor may have included in a website, application, or platform from which the requested service is provided. These cookies store information about the users\u2019 behavior obtained through the continuous observation of their navigation habits, which allows developing a specific profile to show advertising accordingly.<\/p>\n<p>&nbsp;<\/p>\n<p><strong>HOW TO BLOCK OR REMOVE COOKIES INSTALLED IN YOUR EQUIPMENT<\/strong><br \/>\nIf you prefer to disable the cookies, you can block them or remove them from your web browser:<br \/>\n\u2022 how to manage cookies in <a href=\"http:\/\/support.google.com\/chrome\/bin\/answer.py?hl=es&amp;answer=95647\">Google Chrome<\/a><br \/>\n\u2022 how to manage cookies in <a href=\"http:\/\/windows.microsoft.com\/es-xl\/internet-explorer\/delete-manage-cookies%23ie=ie-10\">Microsoft Internet Explorer<\/a><br \/>\n\u2022 how to manage cookies in <a href=\"http:\/\/support.mozilla.org\/es\/kb\/Habilitar%20y%20deshabilitar%20cookies?s=cookie&amp;r=1&amp;e=es&amp;as=s7\">Mozilla FireFox<\/a><br \/>\n\u2022 how to manage cookies in <a href=\"http:\/\/safari.helpmax.net\/es\/privacidad-y-seguridad\/como-gestionar-las-cookies\/\">Apple Safari<\/a>[\/vc_column_text][\/vc_column][\/vc_row][vc_row row_type=&#8221;row&#8221; use_row_as_full_screen_section=&#8221;no&#8221; type=&#8221;full_width&#8221; angled_section=&#8221;no&#8221; text_align=&#8221;left&#8221; background_image_as_pattern=&#8221;without_pattern&#8221; css_animation=&#8221;&#8221;][vc_column][vc_column_text]<\/p>\n<p>[\/vc_column_text][\/vc_column][\/vc_row]<\/p>\n<\/div>","protected":false},"excerpt":{"rendered":"<p>[vc_row row_type=&#8221;row&#8221; use_row_as_full_screen_section=&#8221;no&#8221; type=&#8221;grid&#8221; angled_section=&#8221;no&#8221; text_align=&#8221;left&#8221; background_image_as_pattern=&#8221;without_pattern&#8221; css_animation=&#8221;&#8221; css=&#8221;.vc_custom_1484559386172{padding-top: 140px !important;padding-bottom: 114px !important;}&#8221;][vc_column][vc_column_text css=&#8221;.vc_custom_1544010031316{margin-bottom: 50px !important;}&#8221;] COOKIES POLICY [\/vc_column_text][vc_column_text]A cookie is a file which is downloaded on your computer when you access certain websites. Cookies allow websites, among other things, to store and retrieve information&#8230;<\/p>\n","protected":false},"author":1,"featured_media":0,"parent":0,"menu_order":0,"comment_status":"closed","ping_status":"closed","template":"full_width.php","meta":{"footnotes":""},"class_list":["post-599","page","type-page","status-publish","hentry"],"yoast_head":"<!-- This site is optimized with the Yoast SEO Premium plugin v19.3 (Yoast SEO v27.2) - https:\/\/yoast.com\/product\/yoast-seo-premium-wordpress\/ -->\n<title>Cookies policy - Producci\u00f3n Ornamental Mediterr\u00e1neo<\/title>\n<meta name=\"robots\" content=\"index, follow, max-snippet:-1, max-image-preview:large, max-video-preview:-1\" \/>\n<link rel=\"canonical\" href=\"https:\/\/www.produccionornamental.com\/en\/cookies-policy\/\" \/>\n<meta property=\"og:locale\" content=\"en_US\" \/>\n<meta property=\"og:type\" content=\"article\" \/>\n<meta property=\"og:title\" content=\"Cookies policy\" \/>\n<meta property=\"og:description\" content=\"[vc_row row_type=&#8221;row&#8221; use_row_as_full_screen_section=&#8221;no&#8221; type=&#8221;grid&#8221; angled_section=&#8221;no&#8221; text_align=&#8221;left&#8221; background_image_as_pattern=&#8221;without_pattern&#8221; css_animation=&#8221;&#8221; css=&#8221;.vc_custom_1484559386172{padding-top: 140px !important;padding-bottom: 114px !important;}&#8221;][vc_column][vc_column_text css=&#8221;.vc_custom_1544010031316{margin-bottom: 50px !important;}&#8221;] COOKIES POLICY [\/vc_column_text][vc_column_text]A cookie is a file which is downloaded on your computer when you access certain websites. Cookies allow websites, among other things, to store and retrieve information...\" \/>\n<meta property=\"og:url\" content=\"https:\/\/www.produccionornamental.com\/en\/cookies-policy\/\" \/>\n<meta property=\"og:site_name\" content=\"Producci\u00f3n Ornamental Mediterr\u00e1neo\" \/>\n<meta property=\"article:publisher\" content=\"https:\/\/www.facebook.com\/produccionornamentalmediterraneo\" \/>\n<meta property=\"article:modified_time\" content=\"2018-12-05T12:48:15+00:00\" \/>\n<meta property=\"og:image\" content=\"https:\/\/www.produccionornamental.com\/wp-content\/uploads\/2016\/07\/11.jpg\" \/>\n\t<meta property=\"og:image:width\" content=\"800\" \/>\n\t<meta property=\"og:image:height\" content=\"525\" \/>\n\t<meta property=\"og:image:type\" content=\"image\/jpeg\" \/>\n<meta name=\"twitter:card\" content=\"summary_large_image\" \/>\n<meta name=\"twitter:site\" content=\"@pomproduccion\" \/>\n<meta name=\"twitter:label1\" content=\"Est. reading time\" \/>\n\t<meta name=\"twitter:data1\" content=\"3 minutes\" \/>\n<script type=\"application\/ld+json\" class=\"yoast-schema-graph\">{\"@context\":\"https:\/\/schema.org\",\"@graph\":[{\"@type\":\"WebPage\",\"@id\":\"https:\/\/www.produccionornamental.com\/en\/cookies-policy\/\",\"url\":\"https:\/\/www.produccionornamental.com\/en\/cookies-policy\/\",\"name\":\"Cookies policy - Producci\u00f3n Ornamental Mediterr\u00e1neo\",\"isPartOf\":{\"@id\":\"https:\/\/www.produccionornamental.com\/en\/#website\"},\"datePublished\":\"2018-12-05T11:46:18+00:00\",\"dateModified\":\"2018-12-05T12:48:15+00:00\",\"breadcrumb\":{\"@id\":\"https:\/\/www.produccionornamental.com\/en\/cookies-policy\/#breadcrumb\"},\"inLanguage\":\"en-US\",\"potentialAction\":[{\"@type\":\"ReadAction\",\"target\":[\"https:\/\/www.produccionornamental.com\/en\/cookies-policy\/\"]}]},{\"@type\":\"BreadcrumbList\",\"@id\":\"https:\/\/www.produccionornamental.com\/en\/cookies-policy\/#breadcrumb\",\"itemListElement\":[{\"@type\":\"ListItem\",\"position\":1,\"name\":\"Portada\",\"item\":\"https:\/\/www.produccionornamental.com\/en\/\"},{\"@type\":\"ListItem\",\"position\":2,\"name\":\"Cookies policy\"}]},{\"@type\":\"WebSite\",\"@id\":\"https:\/\/www.produccionornamental.com\/en\/#website\",\"url\":\"https:\/\/www.produccionornamental.com\/en\/\",\"name\":\"Producci\u00f3n Ornamental Mediterr\u00e1neo\",\"description\":\"POM es una empresa con sede en Almer\u00eda (Espa\u00f1a) especializada en la producci\u00f3n y comercializaci\u00f3n de plantas ornamentales\",\"publisher\":{\"@id\":\"https:\/\/www.produccionornamental.com\/en\/#organization\"},\"alternateName\":\"POM\",\"potentialAction\":[{\"@type\":\"SearchAction\",\"target\":{\"@type\":\"EntryPoint\",\"urlTemplate\":\"https:\/\/www.produccionornamental.com\/en\/?s={search_term_string}\"},\"query-input\":{\"@type\":\"PropertyValueSpecification\",\"valueRequired\":true,\"valueName\":\"search_term_string\"}}],\"inLanguage\":\"en-US\"},{\"@type\":\"Organization\",\"@id\":\"https:\/\/www.produccionornamental.com\/en\/#organization\",\"name\":\"Producci\u00f3n Ornamental Mediterr\u00e1neo\",\"alternateName\":\"POM\",\"url\":\"https:\/\/www.produccionornamental.com\/en\/\",\"logo\":{\"@type\":\"ImageObject\",\"inLanguage\":\"en-US\",\"@id\":\"https:\/\/www.produccionornamental.com\/en\/#\/schema\/logo\/image\/\",\"url\":\"https:\/\/www.produccionornamental.com\/wp-content\/uploads\/2016\/11\/imago.png\",\"contentUrl\":\"https:\/\/www.produccionornamental.com\/wp-content\/uploads\/2016\/11\/imago.png\",\"width\":100,\"height\":100,\"caption\":\"Producci\u00f3n Ornamental Mediterr\u00e1neo\"},\"image\":{\"@id\":\"https:\/\/www.produccionornamental.com\/en\/#\/schema\/logo\/image\/\"},\"sameAs\":[\"https:\/\/www.facebook.com\/produccionornamentalmediterraneo\",\"https:\/\/x.com\/pomproduccion\",\"https:\/\/www.linkedin.com\/in\/produccin-ornamental-mediterraneo-31146a155\/\",\"https:\/\/www.youtube.com\/channel\/UCASuatYHCPWxhlOCoBIlgzA\",\"https:\/\/www.instagram.com\/produccion_ornamental_pom\/\"]}]}<\/script>\n<!-- \/ Yoast SEO Premium plugin. -->","yoast_head_json":{"title":"Cookies policy - Producci\u00f3n Ornamental Mediterr\u00e1neo","robots":{"index":"index","follow":"follow","max-snippet":"max-snippet:-1","max-image-preview":"max-image-preview:large","max-video-preview":"max-video-preview:-1"},"canonical":"https:\/\/www.produccionornamental.com\/en\/cookies-policy\/","og_locale":"en_US","og_type":"article","og_title":"Cookies policy","og_description":"[vc_row row_type=&#8221;row&#8221; use_row_as_full_screen_section=&#8221;no&#8221; type=&#8221;grid&#8221; angled_section=&#8221;no&#8221; text_align=&#8221;left&#8221; background_image_as_pattern=&#8221;without_pattern&#8221; css_animation=&#8221;&#8221; css=&#8221;.vc_custom_1484559386172{padding-top: 140px !important;padding-bottom: 114px !important;}&#8221;][vc_column][vc_column_text css=&#8221;.vc_custom_1544010031316{margin-bottom: 50px !important;}&#8221;] COOKIES POLICY [\/vc_column_text][vc_column_text]A cookie is a file which is downloaded on your computer when you access certain websites. Cookies allow websites, among other things, to store and retrieve information...","og_url":"https:\/\/www.produccionornamental.com\/en\/cookies-policy\/","og_site_name":"Producci\u00f3n Ornamental Mediterr\u00e1neo","article_publisher":"https:\/\/www.facebook.com\/produccionornamentalmediterraneo","article_modified_time":"2018-12-05T12:48:15+00:00","og_image":[{"width":800,"height":525,"url":"https:\/\/www.produccionornamental.com\/wp-content\/uploads\/2016\/07\/11.jpg","type":"image\/jpeg"}],"twitter_card":"summary_large_image","twitter_site":"@pomproduccion","twitter_misc":{"Est. reading time":"3 minutes"},"schema":{"@context":"https:\/\/schema.org","@graph":[{"@type":"WebPage","@id":"https:\/\/www.produccionornamental.com\/en\/cookies-policy\/","url":"https:\/\/www.produccionornamental.com\/en\/cookies-policy\/","name":"Cookies policy - Producci\u00f3n Ornamental Mediterr\u00e1neo","isPartOf":{"@id":"https:\/\/www.produccionornamental.com\/en\/#website"},"datePublished":"2018-12-05T11:46:18+00:00","dateModified":"2018-12-05T12:48:15+00:00","breadcrumb":{"@id":"https:\/\/www.produccionornamental.com\/en\/cookies-policy\/#breadcrumb"},"inLanguage":"en-US","potentialAction":[{"@type":"ReadAction","target":["https:\/\/www.produccionornamental.com\/en\/cookies-policy\/"]}]},{"@type":"BreadcrumbList","@id":"https:\/\/www.produccionornamental.com\/en\/cookies-policy\/#breadcrumb","itemListElement":[{"@type":"ListItem","position":1,"name":"Portada","item":"https:\/\/www.produccionornamental.com\/en\/"},{"@type":"ListItem","position":2,"name":"Cookies policy"}]},{"@type":"WebSite","@id":"https:\/\/www.produccionornamental.com\/en\/#website","url":"https:\/\/www.produccionornamental.com\/en\/","name":"Producci\u00f3n Ornamental Mediterr\u00e1neo","description":"POM es una empresa con sede en Almer\u00eda (Espa\u00f1a) especializada en la producci\u00f3n y comercializaci\u00f3n de plantas ornamentales","publisher":{"@id":"https:\/\/www.produccionornamental.com\/en\/#organization"},"alternateName":"POM","potentialAction":[{"@type":"SearchAction","target":{"@type":"EntryPoint","urlTemplate":"https:\/\/www.produccionornamental.com\/en\/?s={search_term_string}"},"query-input":{"@type":"PropertyValueSpecification","valueRequired":true,"valueName":"search_term_string"}}],"inLanguage":"en-US"},{"@type":"Organization","@id":"https:\/\/www.produccionornamental.com\/en\/#organization","name":"Producci\u00f3n Ornamental Mediterr\u00e1neo","alternateName":"POM","url":"https:\/\/www.produccionornamental.com\/en\/","logo":{"@type":"ImageObject","inLanguage":"en-US","@id":"https:\/\/www.produccionornamental.com\/en\/#\/schema\/logo\/image\/","url":"https:\/\/www.produccionornamental.com\/wp-content\/uploads\/2016\/11\/imago.png","contentUrl":"https:\/\/www.produccionornamental.com\/wp-content\/uploads\/2016\/11\/imago.png","width":100,"height":100,"caption":"Producci\u00f3n Ornamental Mediterr\u00e1neo"},"image":{"@id":"https:\/\/www.produccionornamental.com\/en\/#\/schema\/logo\/image\/"},"sameAs":["https:\/\/www.facebook.com\/produccionornamentalmediterraneo","https:\/\/x.com\/pomproduccion","https:\/\/www.linkedin.com\/in\/produccin-ornamental-mediterraneo-31146a155\/","https:\/\/www.youtube.com\/channel\/UCASuatYHCPWxhlOCoBIlgzA","https:\/\/www.instagram.com\/produccion_ornamental_pom\/"]}]}},"_links":{"self":[{"href":"https:\/\/www.produccionornamental.com\/en\/wp-json\/wp\/v2\/pages\/599","targetHints":{"allow":["GET"]}}],"collection":[{"href":"https:\/\/www.produccionornamental.com\/en\/wp-json\/wp\/v2\/pages"}],"about":[{"href":"https:\/\/www.produccionornamental.com\/en\/wp-json\/wp\/v2\/types\/page"}],"author":[{"embeddable":true,"href":"https:\/\/www.produccionornamental.com\/en\/wp-json\/wp\/v2\/users\/1"}],"replies":[{"embeddable":true,"href":"https:\/\/www.produccionornamental.com\/en\/wp-json\/wp\/v2\/comments?post=599"}],"version-history":[{"count":2,"href":"https:\/\/www.produccionornamental.com\/en\/wp-json\/wp\/v2\/pages\/599\/revisions"}],"predecessor-version":[{"id":612,"href":"https:\/\/www.produccionornamental.com\/en\/wp-json\/wp\/v2\/pages\/599\/revisions\/612"}],"wp:attachment":[{"href":"https:\/\/www.produccionornamental.com\/en\/wp-json\/wp\/v2\/media?parent=599"}],"curies":[{"name":"wp","href":"https:\/\/api.w.org\/{rel}","templated":true}]}}