{"id":608,"date":"2018-12-05T12:17:49","date_gmt":"2018-12-05T12:17:49","guid":{"rendered":"http:\/\/www.produccionornamental.com\/?page_id=608"},"modified":"2018-12-05T12:17:49","modified_gmt":"2018-12-05T12:17:49","slug":"data-protection-policy","status":"publish","type":"page","link":"https:\/\/www.produccionornamental.com\/en\/data-protection-policy\/","title":{"rendered":"Data protection policy"},"content":{"rendered":"<div class=\"wpb-content-wrapper\"><p>[vc_row row_type=&#8221;row&#8221; use_row_as_full_screen_section=&#8221;no&#8221; type=&#8221;grid&#8221; angled_section=&#8221;no&#8221; text_align=&#8221;left&#8221; background_image_as_pattern=&#8221;without_pattern&#8221; css_animation=&#8221;&#8221; css=&#8221;.vc_custom_1544011596354{padding-top: 140px !important;padding-bottom: 114px !important;}&#8221;][vc_column][vc_column_text css=&#8221;.vc_custom_1544011830116{margin-bottom: 50px !important;}&#8221;]<\/p>\n<h2 style=\"letter-spacing: 2px;\">DATA PROTECTION POLICY<\/h2>\n<p>[\/vc_column_text][vc_column_text]In accordance with what is established by the regulations of Protection of Data of Personal Character, we inform you that you are providing the Data Controller with your personal data : PRODUCCI\u00d3N ORNAMENTAL MEDITERR\u00c1NEO GRUOP, S. L. (THE ENTITY from now on), address CORTIJO EL CHISME, 1111, 4738 &#8211; V\u00cdCAR (ALMER\u00cdA); <a href=\"mailto:info@produccionornamental.com\">info@produccionornamental.com<\/a><\/p>\n<p>&nbsp;<\/p>\n<p><strong>1.- PURPOSE OF THE COLLECTION<\/strong><br \/>\nThe data collected shall only be those detailed in the contact form, as well as those which you will provide in the field \u201cComments\u201d.<br \/>\nThe ENTITY shall be allowed to treat your personal data in accordance with the following purposes:<br \/>\n\u00b7 To manage your navigation through the Website.<br \/>\n\u00b7 To manage the Customer Attention service, in order to answer doubts, complaints or questions concerning the information included in the Website, as well as any other enquiries.<br \/>\n\u00b7 To treat your data with commercial purposes, so long as you have consented to the corresponding treatment of your personal data. In order to give us your consent to send you information about our services, you will have to tick the checkbox \u201cYes, I wish to receive commercial information\u201d. On the contrary, we will not be allowed to use your personal data with this purpose.<br \/>\n\u00b7 To manage the compliance with, maintenance, development and control of any relationship that the ENTITY may have with you.<br \/>\nThe fact of not providing certain information marked as compulsory may mean that your request will not be managed by means of the contact form.<br \/>\nIn case that you may provide us with a third party\u2019s Personal Data, you will be responsible for having informed and having obtained the consent for the data to be provided with the purposes mentioned in the previous paragraphs of the present Privacy and Cookies Policy.<\/p>\n<p>&nbsp;<\/p>\n<p><strong>2.- LEGITIMATION OF THE TREATMENT OF YOUR PERSONAL DATA<\/strong><br \/>\nThe legitimation is based on your consent given to us by clicking on the button \u201cI ACCEPT THE DATA PROTECTION POLICY\u201d.<\/p>\n<p>&nbsp;<\/p>\n<p><strong>3.- RECIPIENTS<\/strong><br \/>\nYour data shall not be provided to third parties.<\/p>\n<p>&nbsp;<\/p>\n<p><strong>4.- RIGHTS<\/strong><br \/>\nFinally, we inform you of your rights in the matter of data protection.<br \/>\n&#8211; Right to request access to your personal data.<br \/>\n&#8211; Right to request their correction or removal (right to be forgotten).<br \/>\n&#8211; Right to request their limited treatment, and to oppose their treatment.<br \/>\n&#8211; Right to data portability.<br \/>\nIn order to exercise your rights, you simply have to submit a written request together with a copy of your Identity Card.<br \/>\nPRODUCCI\u00d3N ORNAMENTAL MEDITERR\u00c1NEO GRUOP, S. L. has the adequate forms. You simply have to request them or present your own document at PRODUCCI\u00d3N ORNAMENTAL MEDITERR\u00c1NEO GRUOP, S. L. CORTIJO EL CHISME, 1111, 4738 &#8211; V\u00cdCAR (ALMER\u00cdA); <a href=\"mailto:info@produccionornamental.com\">info@produccionornamental.com<\/a>.<br \/>\nYou will be able to exercise your right of access, correction, removal and opposition to the treatment of your personal data, under the terms and conditions foreseen in the LOPD and RGPD, by addressing to us in writing at CORTIJO EL CHISME, 1111, 4738 &#8211; V\u00cdCAR (ALMER\u00cdA); <a href=\"mailto:info@produccionornamental.com\">info@produccionornamental.com<\/a>.<\/p>\n<p>&nbsp;<\/p>\n<p><strong>5.- SECURITY MEASURES<\/strong><br \/>\nPRODUCCI\u00d3N ORNAMENTAL MEDITERR\u00c1NEO GRUOP, S. L. has implemented the technical and organizational measures necessary to guarantee the security of your personal data and prevent their alteration, loss, and their non-authorized treatment, taking into account the state of the technology, the nature of the stored data and the risks arising from human action or from the physical and natural environment to which they are exposed.[\/vc_column_text][\/vc_column][\/vc_row]<\/p>\n<\/div>","protected":false},"excerpt":{"rendered":"<p>[vc_row row_type=&#8221;row&#8221; use_row_as_full_screen_section=&#8221;no&#8221; type=&#8221;grid&#8221; angled_section=&#8221;no&#8221; text_align=&#8221;left&#8221; background_image_as_pattern=&#8221;without_pattern&#8221; css_animation=&#8221;&#8221; css=&#8221;.vc_custom_1544011596354{padding-top: 140px !important;padding-bottom: 114px !important;}&#8221;][vc_column][vc_column_text css=&#8221;.vc_custom_1544011830116{margin-bottom: 50px !important;}&#8221;] DATA PROTECTION POLICY [\/vc_column_text][vc_column_text]In accordance with what is established by the regulations of Protection of Data of Personal Character, we inform you that you are providing the Data Controller&#8230;<\/p>\n","protected":false},"author":1,"featured_media":0,"parent":0,"menu_order":0,"comment_status":"closed","ping_status":"closed","template":"full_width.php","meta":{"footnotes":""},"class_list":["post-608","page","type-page","status-publish","hentry"],"yoast_head":"<!-- This site is optimized with the Yoast SEO Premium plugin v19.3 (Yoast SEO v27.2) - https:\/\/yoast.com\/product\/yoast-seo-premium-wordpress\/ -->\n<title>Data protection policy - Producci\u00f3n Ornamental Mediterr\u00e1neo<\/title>\n<meta name=\"robots\" content=\"index, follow, max-snippet:-1, max-image-preview:large, max-video-preview:-1\" \/>\n<link rel=\"canonical\" href=\"https:\/\/www.produccionornamental.com\/en\/data-protection-policy\/\" \/>\n<meta property=\"og:locale\" content=\"en_US\" \/>\n<meta property=\"og:type\" content=\"article\" \/>\n<meta property=\"og:title\" content=\"Data protection policy\" \/>\n<meta property=\"og:description\" content=\"[vc_row row_type=&#8221;row&#8221; use_row_as_full_screen_section=&#8221;no&#8221; type=&#8221;grid&#8221; angled_section=&#8221;no&#8221; text_align=&#8221;left&#8221; background_image_as_pattern=&#8221;without_pattern&#8221; css_animation=&#8221;&#8221; css=&#8221;.vc_custom_1544011596354{padding-top: 140px !important;padding-bottom: 114px !important;}&#8221;][vc_column][vc_column_text css=&#8221;.vc_custom_1544011830116{margin-bottom: 50px !important;}&#8221;] DATA PROTECTION POLICY [\/vc_column_text][vc_column_text]In accordance with what is established by the regulations of Protection of Data of Personal Character, we inform you that you are providing the Data Controller...\" \/>\n<meta property=\"og:url\" content=\"https:\/\/www.produccionornamental.com\/en\/data-protection-policy\/\" \/>\n<meta property=\"og:site_name\" content=\"Producci\u00f3n Ornamental Mediterr\u00e1neo\" \/>\n<meta property=\"article:publisher\" content=\"https:\/\/www.facebook.com\/produccionornamentalmediterraneo\" \/>\n<meta property=\"og:image\" content=\"https:\/\/www.produccionornamental.com\/wp-content\/uploads\/2016\/07\/11.jpg\" \/>\n\t<meta property=\"og:image:width\" content=\"800\" \/>\n\t<meta property=\"og:image:height\" content=\"525\" \/>\n\t<meta property=\"og:image:type\" content=\"image\/jpeg\" \/>\n<meta name=\"twitter:card\" content=\"summary_large_image\" \/>\n<meta name=\"twitter:site\" content=\"@pomproduccion\" \/>\n<meta name=\"twitter:label1\" content=\"Est. reading time\" \/>\n\t<meta name=\"twitter:data1\" content=\"3 minutes\" \/>\n<script type=\"application\/ld+json\" class=\"yoast-schema-graph\">{\"@context\":\"https:\/\/schema.org\",\"@graph\":[{\"@type\":\"WebPage\",\"@id\":\"https:\/\/www.produccionornamental.com\/en\/data-protection-policy\/\",\"url\":\"https:\/\/www.produccionornamental.com\/en\/data-protection-policy\/\",\"name\":\"Data protection policy - Producci\u00f3n Ornamental Mediterr\u00e1neo\",\"isPartOf\":{\"@id\":\"https:\/\/www.produccionornamental.com\/en\/#website\"},\"datePublished\":\"2018-12-05T12:17:49+00:00\",\"breadcrumb\":{\"@id\":\"https:\/\/www.produccionornamental.com\/en\/data-protection-policy\/#breadcrumb\"},\"inLanguage\":\"en-US\",\"potentialAction\":[{\"@type\":\"ReadAction\",\"target\":[\"https:\/\/www.produccionornamental.com\/en\/data-protection-policy\/\"]}]},{\"@type\":\"BreadcrumbList\",\"@id\":\"https:\/\/www.produccionornamental.com\/en\/data-protection-policy\/#breadcrumb\",\"itemListElement\":[{\"@type\":\"ListItem\",\"position\":1,\"name\":\"Portada\",\"item\":\"https:\/\/www.produccionornamental.com\/en\/\"},{\"@type\":\"ListItem\",\"position\":2,\"name\":\"Data protection policy\"}]},{\"@type\":\"WebSite\",\"@id\":\"https:\/\/www.produccionornamental.com\/en\/#website\",\"url\":\"https:\/\/www.produccionornamental.com\/en\/\",\"name\":\"Producci\u00f3n Ornamental Mediterr\u00e1neo\",\"description\":\"POM es una empresa con sede en Almer\u00eda (Espa\u00f1a) especializada en la producci\u00f3n y comercializaci\u00f3n de plantas ornamentales\",\"publisher\":{\"@id\":\"https:\/\/www.produccionornamental.com\/en\/#organization\"},\"alternateName\":\"POM\",\"potentialAction\":[{\"@type\":\"SearchAction\",\"target\":{\"@type\":\"EntryPoint\",\"urlTemplate\":\"https:\/\/www.produccionornamental.com\/en\/?s={search_term_string}\"},\"query-input\":{\"@type\":\"PropertyValueSpecification\",\"valueRequired\":true,\"valueName\":\"search_term_string\"}}],\"inLanguage\":\"en-US\"},{\"@type\":\"Organization\",\"@id\":\"https:\/\/www.produccionornamental.com\/en\/#organization\",\"name\":\"Producci\u00f3n Ornamental Mediterr\u00e1neo\",\"alternateName\":\"POM\",\"url\":\"https:\/\/www.produccionornamental.com\/en\/\",\"logo\":{\"@type\":\"ImageObject\",\"inLanguage\":\"en-US\",\"@id\":\"https:\/\/www.produccionornamental.com\/en\/#\/schema\/logo\/image\/\",\"url\":\"https:\/\/www.produccionornamental.com\/wp-content\/uploads\/2016\/11\/imago.png\",\"contentUrl\":\"https:\/\/www.produccionornamental.com\/wp-content\/uploads\/2016\/11\/imago.png\",\"width\":100,\"height\":100,\"caption\":\"Producci\u00f3n Ornamental Mediterr\u00e1neo\"},\"image\":{\"@id\":\"https:\/\/www.produccionornamental.com\/en\/#\/schema\/logo\/image\/\"},\"sameAs\":[\"https:\/\/www.facebook.com\/produccionornamentalmediterraneo\",\"https:\/\/x.com\/pomproduccion\",\"https:\/\/www.linkedin.com\/in\/produccin-ornamental-mediterraneo-31146a155\/\",\"https:\/\/www.youtube.com\/channel\/UCASuatYHCPWxhlOCoBIlgzA\",\"https:\/\/www.instagram.com\/produccion_ornamental_pom\/\"]}]}<\/script>\n<!-- \/ Yoast SEO Premium plugin. -->","yoast_head_json":{"title":"Data protection policy - Producci\u00f3n Ornamental Mediterr\u00e1neo","robots":{"index":"index","follow":"follow","max-snippet":"max-snippet:-1","max-image-preview":"max-image-preview:large","max-video-preview":"max-video-preview:-1"},"canonical":"https:\/\/www.produccionornamental.com\/en\/data-protection-policy\/","og_locale":"en_US","og_type":"article","og_title":"Data protection policy","og_description":"[vc_row row_type=&#8221;row&#8221; use_row_as_full_screen_section=&#8221;no&#8221; type=&#8221;grid&#8221; angled_section=&#8221;no&#8221; text_align=&#8221;left&#8221; background_image_as_pattern=&#8221;without_pattern&#8221; css_animation=&#8221;&#8221; css=&#8221;.vc_custom_1544011596354{padding-top: 140px !important;padding-bottom: 114px !important;}&#8221;][vc_column][vc_column_text css=&#8221;.vc_custom_1544011830116{margin-bottom: 50px !important;}&#8221;] DATA PROTECTION POLICY [\/vc_column_text][vc_column_text]In accordance with what is established by the regulations of Protection of Data of Personal Character, we inform you that you are providing the Data Controller...","og_url":"https:\/\/www.produccionornamental.com\/en\/data-protection-policy\/","og_site_name":"Producci\u00f3n Ornamental Mediterr\u00e1neo","article_publisher":"https:\/\/www.facebook.com\/produccionornamentalmediterraneo","og_image":[{"width":800,"height":525,"url":"https:\/\/www.produccionornamental.com\/wp-content\/uploads\/2016\/07\/11.jpg","type":"image\/jpeg"}],"twitter_card":"summary_large_image","twitter_site":"@pomproduccion","twitter_misc":{"Est. reading time":"3 minutes"},"schema":{"@context":"https:\/\/schema.org","@graph":[{"@type":"WebPage","@id":"https:\/\/www.produccionornamental.com\/en\/data-protection-policy\/","url":"https:\/\/www.produccionornamental.com\/en\/data-protection-policy\/","name":"Data protection policy - Producci\u00f3n Ornamental Mediterr\u00e1neo","isPartOf":{"@id":"https:\/\/www.produccionornamental.com\/en\/#website"},"datePublished":"2018-12-05T12:17:49+00:00","breadcrumb":{"@id":"https:\/\/www.produccionornamental.com\/en\/data-protection-policy\/#breadcrumb"},"inLanguage":"en-US","potentialAction":[{"@type":"ReadAction","target":["https:\/\/www.produccionornamental.com\/en\/data-protection-policy\/"]}]},{"@type":"BreadcrumbList","@id":"https:\/\/www.produccionornamental.com\/en\/data-protection-policy\/#breadcrumb","itemListElement":[{"@type":"ListItem","position":1,"name":"Portada","item":"https:\/\/www.produccionornamental.com\/en\/"},{"@type":"ListItem","position":2,"name":"Data protection policy"}]},{"@type":"WebSite","@id":"https:\/\/www.produccionornamental.com\/en\/#website","url":"https:\/\/www.produccionornamental.com\/en\/","name":"Producci\u00f3n Ornamental Mediterr\u00e1neo","description":"POM es una empresa con sede en Almer\u00eda (Espa\u00f1a) especializada en la producci\u00f3n y comercializaci\u00f3n de plantas ornamentales","publisher":{"@id":"https:\/\/www.produccionornamental.com\/en\/#organization"},"alternateName":"POM","potentialAction":[{"@type":"SearchAction","target":{"@type":"EntryPoint","urlTemplate":"https:\/\/www.produccionornamental.com\/en\/?s={search_term_string}"},"query-input":{"@type":"PropertyValueSpecification","valueRequired":true,"valueName":"search_term_string"}}],"inLanguage":"en-US"},{"@type":"Organization","@id":"https:\/\/www.produccionornamental.com\/en\/#organization","name":"Producci\u00f3n Ornamental Mediterr\u00e1neo","alternateName":"POM","url":"https:\/\/www.produccionornamental.com\/en\/","logo":{"@type":"ImageObject","inLanguage":"en-US","@id":"https:\/\/www.produccionornamental.com\/en\/#\/schema\/logo\/image\/","url":"https:\/\/www.produccionornamental.com\/wp-content\/uploads\/2016\/11\/imago.png","contentUrl":"https:\/\/www.produccionornamental.com\/wp-content\/uploads\/2016\/11\/imago.png","width":100,"height":100,"caption":"Producci\u00f3n Ornamental Mediterr\u00e1neo"},"image":{"@id":"https:\/\/www.produccionornamental.com\/en\/#\/schema\/logo\/image\/"},"sameAs":["https:\/\/www.facebook.com\/produccionornamentalmediterraneo","https:\/\/x.com\/pomproduccion","https:\/\/www.linkedin.com\/in\/produccin-ornamental-mediterraneo-31146a155\/","https:\/\/www.youtube.com\/channel\/UCASuatYHCPWxhlOCoBIlgzA","https:\/\/www.instagram.com\/produccion_ornamental_pom\/"]}]}},"_links":{"self":[{"href":"https:\/\/www.produccionornamental.com\/en\/wp-json\/wp\/v2\/pages\/608","targetHints":{"allow":["GET"]}}],"collection":[{"href":"https:\/\/www.produccionornamental.com\/en\/wp-json\/wp\/v2\/pages"}],"about":[{"href":"https:\/\/www.produccionornamental.com\/en\/wp-json\/wp\/v2\/types\/page"}],"author":[{"embeddable":true,"href":"https:\/\/www.produccionornamental.com\/en\/wp-json\/wp\/v2\/users\/1"}],"replies":[{"embeddable":true,"href":"https:\/\/www.produccionornamental.com\/en\/wp-json\/wp\/v2\/comments?post=608"}],"version-history":[{"count":1,"href":"https:\/\/www.produccionornamental.com\/en\/wp-json\/wp\/v2\/pages\/608\/revisions"}],"predecessor-version":[{"id":609,"href":"https:\/\/www.produccionornamental.com\/en\/wp-json\/wp\/v2\/pages\/608\/revisions\/609"}],"wp:attachment":[{"href":"https:\/\/www.produccionornamental.com\/en\/wp-json\/wp\/v2\/media?parent=608"}],"curies":[{"name":"wp","href":"https:\/\/api.w.org\/{rel}","templated":true}]}}