{"id":10860,"date":"2025-12-06T12:30:53","date_gmt":"2025-12-06T12:30:53","guid":{"rendered":"https:\/\/www.produccionornamental.com\/?page_id=10860"},"modified":"2025-12-17T17:50:48","modified_gmt":"2025-12-17T17:50:48","slug":"contact","status":"publish","type":"page","link":"https:\/\/www.produccionornamental.com\/fr\/contact\/","title":{"rendered":"Contact"},"content":{"rendered":"<div class=\"wpb-content-wrapper\"><p>[vc_row css_animation=\u00a0\u00bb\u00a0\u00bb row_type=\u00a0\u00bbrow\u00a0\u00bb use_row_as_full_screen_section=\u00a0\u00bbno\u00a0\u00bb type=\u00a0\u00bbfull_width\u00a0\u00bb angled_section=\u00a0\u00bbno\u00a0\u00bb text_align=\u00a0\u00bbleft\u00a0\u00bb background_image_as_pattern=\u00a0\u00bbwithout_pattern\u00a0\u00bb][vc_column][vc_column_text css=\u00a0\u00bb\u00a0\u00bb]<\/p>\n<h1 style=\"text-align: center;\">Nous sommes l\u00e0 pour <strong>vous aider<\/strong><\/h1>\n<p>[\/vc_column_text][vc_separator type=\u00a0\u00bbnormal\u00a0\u00bb color=\u00a0\u00bb#000000&Prime; thickness=\u00a0\u00bb1px\u00a0\u00bb up=\u00a0\u00bb24&Prime; down=\u00a0\u00bb24&Prime;][\/vc_column][\/vc_row][vc_row css_animation=\u00a0\u00bb\u00a0\u00bb row_type=\u00a0\u00bbrow\u00a0\u00bb use_row_as_full_screen_section=\u00a0\u00bbno\u00a0\u00bb type=\u00a0\u00bbgrid\u00a0\u00bb angled_section=\u00a0\u00bbno\u00a0\u00bb text_align=\u00a0\u00bbleft\u00a0\u00bb background_image_as_pattern=\u00a0\u00bbwithout_pattern\u00a0\u00bb css=\u00a0\u00bb.vc_custom_1765993840386{padding-top: 80px !important;padding-bottom: 44px !important;}\u00a0\u00bb z_index=\u00a0\u00bb\u00a0\u00bb][vc_column css=\u00a0\u00bb.vc_custom_1468931700478{padding-right: 7% !important;padding-left: 7% !important;}\u00a0\u00bb offset=\u00a0\u00bbvc_col-lg-6 vc_col-md-6&Prime;][vc_column_text css=\u00a0\u00bb\u00a0\u00bb]<\/p>\n<h2>Contact<\/h2>\n<p>[\/vc_column_text][vc_empty_space height=\u00a0\u00bb24px\u00a0\u00bb][vc_column_text css=\u00a0\u00bb\u00a0\u00bb]Service Commercial France et Belgique<br \/>\n<strong> Adresse: <\/strong>Paraje Galianilla, 04700 El Ejido, Almer\u00eda<strong><br \/>\nT\u00e9l\u00e9phone et Fax:\u00a0<\/strong><a href=\"tel:+34950109922\">00 34 950 109 922<\/a><strong>\u200b<br \/>\nPortable : <\/strong><a href=\"tel:+0034610570337\">00 34 610 570 337<\/a><strong><br \/>\nE-mail:\u00a0<\/strong><a href=\"mailto:julio@produccionornamental.com\">julio@produccionornamental.com<\/a>[\/vc_column_text][vc_empty_space height=\u00a0\u00bb54px\u00a0\u00bb]<span data-type=\"square\" data-hover-bg-color=\"#202020\" data-hover-icon-color=\"#ffffff\" class=\"qode_icon_shortcode fa-stack q_font_awsome_icon_square fa-lg  \" style=\"background-color: #f1f1f1;border: 0;margin: 0 5px 0 0;font-size: 13px;font-size: 33px;border-radius: 100px; \"><a   itemprop=\"url\" href=\"https:\/\/www.facebook.com\/\" target=\"_blank\"><span aria-hidden=\"true\" class=\"qode_icon_font_elegant social_facebook qode_icon_element\" style=\"font-size: 13px;color: #202020;\" ><\/span><\/a><\/span><span data-type=\"square\" data-hover-bg-color=\"#202020\" data-hover-icon-color=\"#ffffff\" class=\"qode_icon_shortcode fa-stack q_font_awsome_icon_square fa-lg  \" style=\"background-color: #f1f1f1;border: 0;margin: 0 5px 0 0;font-size: 13px;font-size: 33px;border-radius: 100px; \"><a   itemprop=\"url\" href=\"https:\/\/www.twitter.com\/\" target=\"_blank\"><span aria-hidden=\"true\" class=\"qode_icon_font_elegant social_twitter qode_icon_element\" style=\"font-size: 13px;color: #202020;\" ><\/span><\/a><\/span><span data-type=\"square\" data-hover-bg-color=\"#202020\" data-hover-icon-color=\"#ffffff\" class=\"qode_icon_shortcode fa-stack q_font_awsome_icon_square fa-lg  \" style=\"background-color: #f1f1f1;border: 0;margin: 0 5px 0 0;font-size: 13px;font-size: 33px;border-radius: 100px; \"><a   itemprop=\"url\" href=\"https:\/\/www.pinterest.com\/\" target=\"_blank\"><span aria-hidden=\"true\" class=\"qode_icon_font_elegant social_pinterest qode_icon_element\" style=\"font-size: 13px;color: #202020;\" ><\/span><\/a><\/span>[vc_empty_space height=\u00a0\u00bb70px\u00a0\u00bb][\/vc_column][vc_column offset=\u00a0\u00bbvc_col-lg-6 vc_col-md-6&Prime;][vc_column_text css=\u00a0\u00bb\u00a0\u00bb]<\/p>\n<h2>Plus d&rsquo;informations<\/h2>\n<p>[\/vc_column_text][vc_empty_space height=\u00a0\u00bb24px\u00a0\u00bb]\n<div class=\"wpcf7 no-js\" id=\"wpcf7-f427-o1\" lang=\"es-ES\" dir=\"ltr\" data-wpcf7-id=\"427\">\n<div class=\"screen-reader-response\"><p role=\"status\" aria-live=\"polite\" aria-atomic=\"true\"><\/p> <ul><\/ul><\/div>\n<form action=\"\/fr\/wp-json\/wp\/v2\/pages\/10860#wpcf7-f427-o1\" method=\"post\" class=\"wpcf7-form init default\" aria-label=\"Formulario de contacto\" novalidate=\"novalidate\" data-status=\"init\">\n<fieldset class=\"hidden-fields-container\"><input type=\"hidden\" name=\"_wpcf7\" value=\"427\" \/><input type=\"hidden\" name=\"_wpcf7_version\" value=\"6.1.5\" \/><input type=\"hidden\" name=\"_wpcf7_locale\" value=\"es_ES\" \/><input type=\"hidden\" name=\"_wpcf7_unit_tag\" value=\"wpcf7-f427-o1\" \/><input type=\"hidden\" name=\"_wpcf7_container_post\" value=\"0\" \/><input type=\"hidden\" name=\"_wpcf7_posted_data_hash\" value=\"\" \/><input type=\"hidden\" name=\"_wpcf7_recaptcha_response\" value=\"\" \/>\n<\/fieldset>\n<p><label> Nom (obligatoire)<br \/>\n<span class=\"wpcf7-form-control-wrap\" data-name=\"your-name\"><input size=\"40\" maxlength=\"400\" class=\"wpcf7-form-control wpcf7-text wpcf7-validates-as-required\" aria-required=\"true\" aria-invalid=\"false\" value=\"\" type=\"text\" name=\"your-name\" \/><\/span> <\/label>\n<\/p>\n<p><label> Votre email (obligatoire)<br \/>\n<span class=\"wpcf7-form-control-wrap\" data-name=\"your-email\"><input size=\"40\" maxlength=\"400\" class=\"wpcf7-form-control wpcf7-email wpcf7-validates-as-required wpcf7-text wpcf7-validates-as-email\" aria-required=\"true\" aria-invalid=\"false\" value=\"\" type=\"email\" name=\"your-email\" \/><\/span> <\/label>\n<\/p>\n<p><label> Sujet<br \/>\n<span class=\"wpcf7-form-control-wrap\" data-name=\"your-subject\"><input size=\"40\" maxlength=\"400\" class=\"wpcf7-form-control wpcf7-text\" aria-invalid=\"false\" value=\"\" type=\"text\" name=\"your-subject\" \/><\/span> <\/label>\n<\/p>\n<p><label> Message<br \/>\n<span class=\"wpcf7-form-control-wrap\" data-name=\"your-message\"><textarea cols=\"40\" rows=\"10\" maxlength=\"2000\" class=\"wpcf7-form-control wpcf7-textarea\" aria-invalid=\"false\" name=\"your-message\"><\/textarea><\/span> <\/label>\n<\/p>\n<p><label><span class=\"wpcf7-form-control-wrap\" data-name=\"acceptance-351\"><span class=\"wpcf7-form-control wpcf7-acceptance optional\"><span class=\"wpcf7-list-item\"><label><input type=\"checkbox\" name=\"acceptance-351\" value=\"1\" aria-invalid=\"false\" \/><span class=\"wpcf7-list-item-label\">Accept the <a href=\"\/en\/data-protection-policy\/\" target=\"_blank\">DATA PROTECTION POLICY<\/a><\/span><\/label><\/span><\/span><\/span><\/label>\n<\/p>\n<p><input class=\"wpcf7-form-control wpcf7-submit has-spinner\" type=\"submit\" value=\"Envoyer\" \/>\n<\/p><p style=\"display: none !important;\" class=\"akismet-fields-container\" data-prefix=\"_wpcf7_ak_\"><label>&#916;<textarea name=\"_wpcf7_ak_hp_textarea\" cols=\"45\" rows=\"8\" maxlength=\"100\"><\/textarea><\/label><input type=\"hidden\" id=\"ak_js_1\" name=\"_wpcf7_ak_js\" value=\"101\"\/><script>document.getElementById( \"ak_js_1\" ).setAttribute( \"value\", ( new Date() ).getTime() );<\/script><\/p><div class=\"wpcf7-response-output\" aria-hidden=\"true\"><\/div>\n<\/form>\n<\/div>\n[vc_empty_space height=\u00a0\u00bb70px\u00a0\u00bb][\/vc_column][\/vc_row][vc_row css_animation=\u00a0\u00bb\u00a0\u00bb row_type=\u00a0\u00bbrow\u00a0\u00bb use_row_as_full_screen_section=\u00a0\u00bbno\u00a0\u00bb type=\u00a0\u00bbfull_width\u00a0\u00bb angled_section=\u00a0\u00bbno\u00a0\u00bb text_align=\u00a0\u00bbleft\u00a0\u00bb background_image_as_pattern=\u00a0\u00bbwithout_pattern\u00a0\u00bb][vc_column]<div class='google_map_shortcode_holder' style='height:480px;'><div class='qode_google_map' style='height:480px;' id='map_canvas_40225' data-addresses='[\"Vivero Producci\u00f3n Ornamental Mediterr\u00e1neo\"]' data-custom-map-style='false' data-color-overlay='#393939' data-saturation='-100' data-lightness='-60' data-zoom='15' data-pin='https:\/\/www.produccionornamental.com\/wp-content\/uploads\/2016\/07\/pin.png' data-unique-id='40225' data-google-maps-scroll-wheel='false' data-snazzy-map-style='no' data-map-height='480'><\/div><div class='google_map_shortcode_overlay'><\/div><\/div>[vc_empty_space height=\u00a0\u00bb64px\u00a0\u00bb][\/vc_column][\/vc_row]<\/p>\n<\/div>","protected":false},"excerpt":{"rendered":"<p>[vc_row css_animation=\u00a0\u00bb\u00a0\u00bb row_type=\u00a0\u00bbrow\u00a0\u00bb use_row_as_full_screen_section=\u00a0\u00bbno\u00a0\u00bb type=\u00a0\u00bbfull_width\u00a0\u00bb angled_section=\u00a0\u00bbno\u00a0\u00bb text_align=\u00a0\u00bbleft\u00a0\u00bb background_image_as_pattern=\u00a0\u00bbwithout_pattern\u00a0\u00bb][vc_column][vc_column_text css=\u00a0\u00bb\u00a0\u00bb] Nous sommes l\u00e0 pour vous aider [\/vc_column_text][vc_separator type=\u00a0\u00bbnormal\u00a0\u00bb color=\u00a0\u00bb#000000&Prime; thickness=\u00a0\u00bb1px\u00a0\u00bb up=\u00a0\u00bb24&Prime; down=\u00a0\u00bb24&Prime;][\/vc_column][\/vc_row][vc_row css_animation=\u00a0\u00bb\u00a0\u00bb row_type=\u00a0\u00bbrow\u00a0\u00bb use_row_as_full_screen_section=\u00a0\u00bbno\u00a0\u00bb type=\u00a0\u00bbgrid\u00a0\u00bb angled_section=\u00a0\u00bbno\u00a0\u00bb text_align=\u00a0\u00bbleft\u00a0\u00bb background_image_as_pattern=\u00a0\u00bbwithout_pattern\u00a0\u00bb css=\u00a0\u00bb.vc_custom_1765993840386{padding-top: 80px !important;padding-bottom: 44px !important;}\u00a0\u00bb z_index=\u00a0\u00bb\u00a0\u00bb][vc_column css=\u00a0\u00bb.vc_custom_1468931700478{padding-right: 7% !important;padding-left: 7% !important;}\u00a0\u00bb offset=\u00a0\u00bbvc_col-lg-6 vc_col-md-6&Prime;][vc_column_text css=\u00a0\u00bb\u00a0\u00bb] Contact [\/vc_column_text][vc_empty_space height=\u00a0\u00bb24px\u00a0\u00bb][vc_column_text&#8230;<\/p>\n","protected":false},"author":4,"featured_media":0,"parent":0,"menu_order":0,"comment_status":"closed","ping_status":"closed","template":"","meta":{"footnotes":""},"class_list":["post-10860","page","type-page","status-publish","hentry"],"yoast_head":"<!-- This site is optimized with the Yoast SEO Premium plugin v19.3 (Yoast SEO v27.2) - https:\/\/yoast.com\/product\/yoast-seo-premium-wordpress\/ -->\n<title>Contact - Producci\u00f3n Ornamental Mediterr\u00e1neo<\/title>\n<meta name=\"robots\" content=\"index, follow, max-snippet:-1, max-image-preview:large, max-video-preview:-1\" \/>\n<link rel=\"canonical\" href=\"https:\/\/www.produccionornamental.com\/fr\/contact\/\" \/>\n<meta property=\"og:locale\" content=\"fr_FR\" \/>\n<meta property=\"og:type\" content=\"article\" \/>\n<meta property=\"og:title\" content=\"Contact\" \/>\n<meta property=\"og:description\" content=\"[vc_row css_animation=\u00a0\u00bb\u00a0\u00bb row_type=\u00a0\u00bbrow\u00a0\u00bb use_row_as_full_screen_section=\u00a0\u00bbno\u00a0\u00bb type=\u00a0\u00bbfull_width\u00a0\u00bb angled_section=\u00a0\u00bbno\u00a0\u00bb text_align=\u00a0\u00bbleft\u00a0\u00bb background_image_as_pattern=\u00a0\u00bbwithout_pattern\u00a0\u00bb][vc_column][vc_column_text css=\u00a0\u00bb\u00a0\u00bb] Nous sommes l\u00e0 pour vous aider [\/vc_column_text][vc_separator type=\u00a0\u00bbnormal\u00a0\u00bb color=\u00a0\u00bb#000000&Prime; thickness=\u00a0\u00bb1px\u00a0\u00bb up=\u00a0\u00bb24&Prime; down=\u00a0\u00bb24&Prime;][\/vc_column][\/vc_row][vc_row css_animation=\u00a0\u00bb\u00a0\u00bb row_type=\u00a0\u00bbrow\u00a0\u00bb use_row_as_full_screen_section=\u00a0\u00bbno\u00a0\u00bb type=\u00a0\u00bbgrid\u00a0\u00bb angled_section=\u00a0\u00bbno\u00a0\u00bb text_align=\u00a0\u00bbleft\u00a0\u00bb background_image_as_pattern=\u00a0\u00bbwithout_pattern\u00a0\u00bb css=\u00a0\u00bb.vc_custom_1765993840386{padding-top: 80px !important;padding-bottom: 44px !important;}\u00a0\u00bb z_index=\u00a0\u00bb\u00a0\u00bb][vc_column css=\u00a0\u00bb.vc_custom_1468931700478{padding-right: 7% !important;padding-left: 7% !important;}\u00a0\u00bb offset=\u00a0\u00bbvc_col-lg-6 vc_col-md-6&Prime;][vc_column_text css=\u00a0\u00bb\u00a0\u00bb] Contact [\/vc_column_text][vc_empty_space height=\u00a0\u00bb24px\u00a0\u00bb][vc_column_text...\" \/>\n<meta property=\"og:url\" content=\"https:\/\/www.produccionornamental.com\/fr\/contact\/\" \/>\n<meta property=\"og:site_name\" content=\"Producci\u00f3n Ornamental Mediterr\u00e1neo\" \/>\n<meta property=\"article:publisher\" content=\"https:\/\/www.facebook.com\/produccionornamentalmediterraneo\" \/>\n<meta property=\"article:modified_time\" content=\"2025-12-17T17:50:48+00:00\" \/>\n<meta property=\"og:image\" content=\"https:\/\/www.produccionornamental.com\/wp-content\/uploads\/2016\/07\/11.jpg\" \/>\n\t<meta property=\"og:image:width\" content=\"800\" \/>\n\t<meta property=\"og:image:height\" content=\"525\" \/>\n\t<meta property=\"og:image:type\" content=\"image\/jpeg\" \/>\n<meta name=\"twitter:card\" content=\"summary_large_image\" \/>\n<meta name=\"twitter:site\" content=\"@pomproduccion\" \/>\n<meta name=\"twitter:label1\" content=\"Dur\u00e9e de lecture estim\u00e9e\" \/>\n\t<meta name=\"twitter:data1\" content=\"1 minute\" \/>\n<script type=\"application\/ld+json\" class=\"yoast-schema-graph\">{\"@context\":\"https:\/\/schema.org\",\"@graph\":[{\"@type\":\"WebPage\",\"@id\":\"https:\/\/www.produccionornamental.com\/fr\/contact\/\",\"url\":\"https:\/\/www.produccionornamental.com\/fr\/contact\/\",\"name\":\"Contact - Producci\u00f3n Ornamental Mediterr\u00e1neo\",\"isPartOf\":{\"@id\":\"https:\/\/www.produccionornamental.com\/fr\/#website\"},\"datePublished\":\"2025-12-06T12:30:53+00:00\",\"dateModified\":\"2025-12-17T17:50:48+00:00\",\"breadcrumb\":{\"@id\":\"https:\/\/www.produccionornamental.com\/fr\/contact\/#breadcrumb\"},\"inLanguage\":\"fr-FR\",\"potentialAction\":[{\"@type\":\"ReadAction\",\"target\":[\"https:\/\/www.produccionornamental.com\/fr\/contact\/\"]}]},{\"@type\":\"BreadcrumbList\",\"@id\":\"https:\/\/www.produccionornamental.com\/fr\/contact\/#breadcrumb\",\"itemListElement\":[{\"@type\":\"ListItem\",\"position\":1,\"name\":\"Portada\",\"item\":\"https:\/\/www.produccionornamental.com\/fr\/\"},{\"@type\":\"ListItem\",\"position\":2,\"name\":\"Contact\"}]},{\"@type\":\"WebSite\",\"@id\":\"https:\/\/www.produccionornamental.com\/fr\/#website\",\"url\":\"https:\/\/www.produccionornamental.com\/fr\/\",\"name\":\"Producci\u00f3n Ornamental Mediterr\u00e1neo\",\"description\":\"POM es una empresa con sede en Almer\u00eda (Espa\u00f1a) especializada en la producci\u00f3n y comercializaci\u00f3n de plantas ornamentales\",\"publisher\":{\"@id\":\"https:\/\/www.produccionornamental.com\/fr\/#organization\"},\"alternateName\":\"POM\",\"potentialAction\":[{\"@type\":\"SearchAction\",\"target\":{\"@type\":\"EntryPoint\",\"urlTemplate\":\"https:\/\/www.produccionornamental.com\/fr\/?s={search_term_string}\"},\"query-input\":{\"@type\":\"PropertyValueSpecification\",\"valueRequired\":true,\"valueName\":\"search_term_string\"}}],\"inLanguage\":\"fr-FR\"},{\"@type\":\"Organization\",\"@id\":\"https:\/\/www.produccionornamental.com\/fr\/#organization\",\"name\":\"Producci\u00f3n Ornamental Mediterr\u00e1neo\",\"alternateName\":\"POM\",\"url\":\"https:\/\/www.produccionornamental.com\/fr\/\",\"logo\":{\"@type\":\"ImageObject\",\"inLanguage\":\"fr-FR\",\"@id\":\"https:\/\/www.produccionornamental.com\/fr\/#\/schema\/logo\/image\/\",\"url\":\"https:\/\/www.produccionornamental.com\/wp-content\/uploads\/2016\/11\/imago.png\",\"contentUrl\":\"https:\/\/www.produccionornamental.com\/wp-content\/uploads\/2016\/11\/imago.png\",\"width\":100,\"height\":100,\"caption\":\"Producci\u00f3n Ornamental Mediterr\u00e1neo\"},\"image\":{\"@id\":\"https:\/\/www.produccionornamental.com\/fr\/#\/schema\/logo\/image\/\"},\"sameAs\":[\"https:\/\/www.facebook.com\/produccionornamentalmediterraneo\",\"https:\/\/x.com\/pomproduccion\",\"https:\/\/www.linkedin.com\/in\/produccin-ornamental-mediterraneo-31146a155\/\",\"https:\/\/www.youtube.com\/channel\/UCASuatYHCPWxhlOCoBIlgzA\",\"https:\/\/www.instagram.com\/produccion_ornamental_pom\/\"]}]}<\/script>\n<!-- \/ Yoast SEO Premium plugin. -->","yoast_head_json":{"title":"Contact - Producci\u00f3n Ornamental Mediterr\u00e1neo","robots":{"index":"index","follow":"follow","max-snippet":"max-snippet:-1","max-image-preview":"max-image-preview:large","max-video-preview":"max-video-preview:-1"},"canonical":"https:\/\/www.produccionornamental.com\/fr\/contact\/","og_locale":"fr_FR","og_type":"article","og_title":"Contact","og_description":"[vc_row css_animation=\u00a0\u00bb\u00a0\u00bb row_type=\u00a0\u00bbrow\u00a0\u00bb use_row_as_full_screen_section=\u00a0\u00bbno\u00a0\u00bb type=\u00a0\u00bbfull_width\u00a0\u00bb angled_section=\u00a0\u00bbno\u00a0\u00bb text_align=\u00a0\u00bbleft\u00a0\u00bb background_image_as_pattern=\u00a0\u00bbwithout_pattern\u00a0\u00bb][vc_column][vc_column_text css=\u00a0\u00bb\u00a0\u00bb] Nous sommes l\u00e0 pour vous aider [\/vc_column_text][vc_separator type=\u00a0\u00bbnormal\u00a0\u00bb color=\u00a0\u00bb#000000&Prime; thickness=\u00a0\u00bb1px\u00a0\u00bb up=\u00a0\u00bb24&Prime; down=\u00a0\u00bb24&Prime;][\/vc_column][\/vc_row][vc_row css_animation=\u00a0\u00bb\u00a0\u00bb row_type=\u00a0\u00bbrow\u00a0\u00bb use_row_as_full_screen_section=\u00a0\u00bbno\u00a0\u00bb type=\u00a0\u00bbgrid\u00a0\u00bb angled_section=\u00a0\u00bbno\u00a0\u00bb text_align=\u00a0\u00bbleft\u00a0\u00bb background_image_as_pattern=\u00a0\u00bbwithout_pattern\u00a0\u00bb css=\u00a0\u00bb.vc_custom_1765993840386{padding-top: 80px !important;padding-bottom: 44px !important;}\u00a0\u00bb z_index=\u00a0\u00bb\u00a0\u00bb][vc_column css=\u00a0\u00bb.vc_custom_1468931700478{padding-right: 7% !important;padding-left: 7% !important;}\u00a0\u00bb offset=\u00a0\u00bbvc_col-lg-6 vc_col-md-6&Prime;][vc_column_text css=\u00a0\u00bb\u00a0\u00bb] Contact [\/vc_column_text][vc_empty_space height=\u00a0\u00bb24px\u00a0\u00bb][vc_column_text...","og_url":"https:\/\/www.produccionornamental.com\/fr\/contact\/","og_site_name":"Producci\u00f3n Ornamental Mediterr\u00e1neo","article_publisher":"https:\/\/www.facebook.com\/produccionornamentalmediterraneo","article_modified_time":"2025-12-17T17:50:48+00:00","og_image":[{"width":800,"height":525,"url":"https:\/\/www.produccionornamental.com\/wp-content\/uploads\/2016\/07\/11.jpg","type":"image\/jpeg"}],"twitter_card":"summary_large_image","twitter_site":"@pomproduccion","twitter_misc":{"Dur\u00e9e de lecture estim\u00e9e":"1 minute"},"schema":{"@context":"https:\/\/schema.org","@graph":[{"@type":"WebPage","@id":"https:\/\/www.produccionornamental.com\/fr\/contact\/","url":"https:\/\/www.produccionornamental.com\/fr\/contact\/","name":"Contact - Producci\u00f3n Ornamental Mediterr\u00e1neo","isPartOf":{"@id":"https:\/\/www.produccionornamental.com\/fr\/#website"},"datePublished":"2025-12-06T12:30:53+00:00","dateModified":"2025-12-17T17:50:48+00:00","breadcrumb":{"@id":"https:\/\/www.produccionornamental.com\/fr\/contact\/#breadcrumb"},"inLanguage":"fr-FR","potentialAction":[{"@type":"ReadAction","target":["https:\/\/www.produccionornamental.com\/fr\/contact\/"]}]},{"@type":"BreadcrumbList","@id":"https:\/\/www.produccionornamental.com\/fr\/contact\/#breadcrumb","itemListElement":[{"@type":"ListItem","position":1,"name":"Portada","item":"https:\/\/www.produccionornamental.com\/fr\/"},{"@type":"ListItem","position":2,"name":"Contact"}]},{"@type":"WebSite","@id":"https:\/\/www.produccionornamental.com\/fr\/#website","url":"https:\/\/www.produccionornamental.com\/fr\/","name":"Producci\u00f3n Ornamental Mediterr\u00e1neo","description":"POM es una empresa con sede en Almer\u00eda (Espa\u00f1a) especializada en la producci\u00f3n y comercializaci\u00f3n de plantas ornamentales","publisher":{"@id":"https:\/\/www.produccionornamental.com\/fr\/#organization"},"alternateName":"POM","potentialAction":[{"@type":"SearchAction","target":{"@type":"EntryPoint","urlTemplate":"https:\/\/www.produccionornamental.com\/fr\/?s={search_term_string}"},"query-input":{"@type":"PropertyValueSpecification","valueRequired":true,"valueName":"search_term_string"}}],"inLanguage":"fr-FR"},{"@type":"Organization","@id":"https:\/\/www.produccionornamental.com\/fr\/#organization","name":"Producci\u00f3n Ornamental Mediterr\u00e1neo","alternateName":"POM","url":"https:\/\/www.produccionornamental.com\/fr\/","logo":{"@type":"ImageObject","inLanguage":"fr-FR","@id":"https:\/\/www.produccionornamental.com\/fr\/#\/schema\/logo\/image\/","url":"https:\/\/www.produccionornamental.com\/wp-content\/uploads\/2016\/11\/imago.png","contentUrl":"https:\/\/www.produccionornamental.com\/wp-content\/uploads\/2016\/11\/imago.png","width":100,"height":100,"caption":"Producci\u00f3n Ornamental Mediterr\u00e1neo"},"image":{"@id":"https:\/\/www.produccionornamental.com\/fr\/#\/schema\/logo\/image\/"},"sameAs":["https:\/\/www.facebook.com\/produccionornamentalmediterraneo","https:\/\/x.com\/pomproduccion","https:\/\/www.linkedin.com\/in\/produccin-ornamental-mediterraneo-31146a155\/","https:\/\/www.youtube.com\/channel\/UCASuatYHCPWxhlOCoBIlgzA","https:\/\/www.instagram.com\/produccion_ornamental_pom\/"]}]}},"_links":{"self":[{"href":"https:\/\/www.produccionornamental.com\/fr\/wp-json\/wp\/v2\/pages\/10860","targetHints":{"allow":["GET"]}}],"collection":[{"href":"https:\/\/www.produccionornamental.com\/fr\/wp-json\/wp\/v2\/pages"}],"about":[{"href":"https:\/\/www.produccionornamental.com\/fr\/wp-json\/wp\/v2\/types\/page"}],"author":[{"embeddable":true,"href":"https:\/\/www.produccionornamental.com\/fr\/wp-json\/wp\/v2\/users\/4"}],"replies":[{"embeddable":true,"href":"https:\/\/www.produccionornamental.com\/fr\/wp-json\/wp\/v2\/comments?post=10860"}],"version-history":[{"count":3,"href":"https:\/\/www.produccionornamental.com\/fr\/wp-json\/wp\/v2\/pages\/10860\/revisions"}],"predecessor-version":[{"id":11009,"href":"https:\/\/www.produccionornamental.com\/fr\/wp-json\/wp\/v2\/pages\/10860\/revisions\/11009"}],"wp:attachment":[{"href":"https:\/\/www.produccionornamental.com\/fr\/wp-json\/wp\/v2\/media?parent=10860"}],"curies":[{"name":"wp","href":"https:\/\/api.w.org\/{rel}","templated":true}]}}