{"id":11085,"date":"2016-07-20T14:27:51","date_gmt":"2016-07-20T14:27:51","guid":{"rendered":"https:\/\/www.produccionornamental.com\/legal-warning\/"},"modified":"2025-12-19T08:18:13","modified_gmt":"2025-12-19T08:18:13","slug":"legal-warning","status":"publish","type":"page","link":"https:\/\/www.produccionornamental.com\/fr\/legal-warning\/","title":{"rendered":"Legal Warning"},"content":{"rendered":"<div class=\"wpb-content-wrapper\"><p>[vc_row css_animation=\u00a0\u00bb\u00a0\u00bb row_type=\u00a0\u00bbrow\u00a0\u00bb use_row_as_full_screen_section=\u00a0\u00bbno\u00a0\u00bb type=\u00a0\u00bbgrid\u00a0\u00bb angled_section=\u00a0\u00bbno\u00a0\u00bb text_align=\u00a0\u00bbleft\u00a0\u00bb background_image_as_pattern=\u00a0\u00bbwithout_pattern\u00a0\u00bb css=\u00a0\u00bb.vc_custom_1469025183358{padding-top: 140px !important;padding-bottom: 114px !important;}\u00a0\u00bb][vc_column][vc_column_text css=\u00a0\u00bb.vc_custom_1709798459882{margin-bottom: 50px !important;}\u00a0\u00bb]<\/p>\n<h2 style=\"letter-spacing: 2px;\">LEGAL WARNING<\/h2>\n<p>[\/vc_column_text][vc_column_text]In compliance with the provisions of Law 34\/2002, of July 11, on Information Society Services and Electronic Commerce, the users of the website http:\/\/www.produccionornamental.com are informed, the following general information data:<\/p>\n<p>&nbsp;<\/p>\n<p>The information society service provider is PRODUCCI\u00d3N ORNAMENTAL MEDITERR\u00c1NEO GRUOP SL (hereinafter \u201cP.O.M.\u201d), with registered office at PARAJE GALIANILLA S\/N 04700 EL EJIDO, Almer\u00eda.<\/p>\n<p>&nbsp;<\/p>\n<p>Users of this portal will be able to establish direct and effective communication with P.O.M. by written communication sent to the address indicated in section 1 of this Legal Notice, as well as by using any of the following means:<\/p>\n<p>&nbsp;<\/p>\n<p>Telephone: 950 109 922<br \/>\nE-mail: info@produccionornamental.com<br \/>\n(*) The receipt of excessive personal data, not updated and incompatible with the activity carried out by P.O.M., will not be accepted. We inform you that if your request for which you wish to establish a contact relationship with P.O.M. does not meet these requirements, it will be automatically destroyed.<\/p>\n<p>&nbsp;<\/p>\n<p>Sending communications to the indicated addresses will mean that the affected party has accepted that their data will be processed for the purpose of processing the queries posed to P.O.M. To this end, we inform you that you can exercise your rights of access, rectification, cancellation and\/or opposition by letter, including a copy of your ID or other equivalent identification document, addressed to P.O.M., at the postal address indicated in section 1 of this Legal Notice (Ref. Data Protection).[\/vc_column_text][\/vc_column][\/vc_row]<\/p>\n<\/div>","protected":false},"excerpt":{"rendered":"<p>[vc_row css_animation=\u00a0\u00bb\u00a0\u00bb row_type=\u00a0\u00bbrow\u00a0\u00bb use_row_as_full_screen_section=\u00a0\u00bbno\u00a0\u00bb type=\u00a0\u00bbgrid\u00a0\u00bb angled_section=\u00a0\u00bbno\u00a0\u00bb text_align=\u00a0\u00bbleft\u00a0\u00bb background_image_as_pattern=\u00a0\u00bbwithout_pattern\u00a0\u00bb css=\u00a0\u00bb.vc_custom_1469025183358{padding-top: 140px !important;padding-bottom: 114px !important;}\u00a0\u00bb][vc_column][vc_column_text css=\u00a0\u00bb.vc_custom_1709798459882{margin-bottom: 50px !important;}\u00a0\u00bb] LEGAL WARNING [\/vc_column_text][vc_column_text]In compliance with the provisions of Law 34\/2002, of July 11, on Information Society Services and Electronic Commerce, the users of the website http:\/\/www.produccionornamental.com are informed, the&#8230;<\/p>\n","protected":false},"author":1,"featured_media":0,"parent":0,"menu_order":0,"comment_status":"closed","ping_status":"closed","template":"full_width.php","meta":{"footnotes":""},"class_list":["post-11085","page","type-page","status-publish","hentry"],"yoast_head":"<!-- This site is optimized with the Yoast SEO Premium plugin v19.3 (Yoast SEO v27.2) - https:\/\/yoast.com\/product\/yoast-seo-premium-wordpress\/ -->\n<title>Legal Warning - Producci\u00f3n Ornamental Mediterr\u00e1neo<\/title>\n<meta name=\"robots\" content=\"index, follow, max-snippet:-1, max-image-preview:large, max-video-preview:-1\" \/>\n<link rel=\"canonical\" href=\"https:\/\/www.produccionornamental.com\/fr\/legal-warning\/\" \/>\n<meta property=\"og:locale\" content=\"fr_FR\" \/>\n<meta property=\"og:type\" content=\"article\" \/>\n<meta property=\"og:title\" content=\"Legal Warning\" \/>\n<meta property=\"og:description\" content=\"[vc_row css_animation=\u00a0\u00bb\u00a0\u00bb row_type=\u00a0\u00bbrow\u00a0\u00bb use_row_as_full_screen_section=\u00a0\u00bbno\u00a0\u00bb type=\u00a0\u00bbgrid\u00a0\u00bb angled_section=\u00a0\u00bbno\u00a0\u00bb text_align=\u00a0\u00bbleft\u00a0\u00bb background_image_as_pattern=\u00a0\u00bbwithout_pattern\u00a0\u00bb css=\u00a0\u00bb.vc_custom_1469025183358{padding-top: 140px !important;padding-bottom: 114px !important;}\u00a0\u00bb][vc_column][vc_column_text css=\u00a0\u00bb.vc_custom_1709798459882{margin-bottom: 50px !important;}\u00a0\u00bb] LEGAL WARNING [\/vc_column_text][vc_column_text]In compliance with the provisions of Law 34\/2002, of July 11, on Information Society Services and Electronic Commerce, the users of the website http:\/\/www.produccionornamental.com are informed, the...\" \/>\n<meta property=\"og:url\" content=\"https:\/\/www.produccionornamental.com\/fr\/legal-warning\/\" \/>\n<meta property=\"og:site_name\" content=\"Producci\u00f3n Ornamental Mediterr\u00e1neo\" \/>\n<meta property=\"article:publisher\" content=\"https:\/\/www.facebook.com\/produccionornamentalmediterraneo\" \/>\n<meta property=\"article:modified_time\" content=\"2025-12-19T08:18:13+00:00\" \/>\n<meta property=\"og:image\" content=\"https:\/\/www.produccionornamental.com\/wp-content\/uploads\/2016\/07\/11.jpg\" \/>\n\t<meta property=\"og:image:width\" content=\"800\" \/>\n\t<meta property=\"og:image:height\" content=\"525\" \/>\n\t<meta property=\"og:image:type\" content=\"image\/jpeg\" \/>\n<meta name=\"twitter:card\" content=\"summary_large_image\" \/>\n<meta name=\"twitter:site\" content=\"@pomproduccion\" \/>\n<meta name=\"twitter:label1\" content=\"Dur\u00e9e de lecture estim\u00e9e\" \/>\n\t<meta name=\"twitter:data1\" content=\"2 minutes\" \/>\n<script type=\"application\/ld+json\" class=\"yoast-schema-graph\">{\"@context\":\"https:\/\/schema.org\",\"@graph\":[{\"@type\":\"WebPage\",\"@id\":\"https:\/\/www.produccionornamental.com\/fr\/legal-warning\/\",\"url\":\"https:\/\/www.produccionornamental.com\/fr\/legal-warning\/\",\"name\":\"Legal Warning - Producci\u00f3n Ornamental Mediterr\u00e1neo\",\"isPartOf\":{\"@id\":\"https:\/\/www.produccionornamental.com\/fr\/#website\"},\"datePublished\":\"2016-07-20T14:27:51+00:00\",\"dateModified\":\"2025-12-19T08:18:13+00:00\",\"breadcrumb\":{\"@id\":\"https:\/\/www.produccionornamental.com\/fr\/legal-warning\/#breadcrumb\"},\"inLanguage\":\"fr-FR\",\"potentialAction\":[{\"@type\":\"ReadAction\",\"target\":[\"https:\/\/www.produccionornamental.com\/fr\/legal-warning\/\"]}]},{\"@type\":\"BreadcrumbList\",\"@id\":\"https:\/\/www.produccionornamental.com\/fr\/legal-warning\/#breadcrumb\",\"itemListElement\":[{\"@type\":\"ListItem\",\"position\":1,\"name\":\"Portada\",\"item\":\"https:\/\/www.produccionornamental.com\/fr\/\"},{\"@type\":\"ListItem\",\"position\":2,\"name\":\"Legal Warning\"}]},{\"@type\":\"WebSite\",\"@id\":\"https:\/\/www.produccionornamental.com\/fr\/#website\",\"url\":\"https:\/\/www.produccionornamental.com\/fr\/\",\"name\":\"Producci\u00f3n Ornamental Mediterr\u00e1neo\",\"description\":\"POM es una empresa con sede en Almer\u00eda (Espa\u00f1a) especializada en la producci\u00f3n y comercializaci\u00f3n de plantas ornamentales\",\"publisher\":{\"@id\":\"https:\/\/www.produccionornamental.com\/fr\/#organization\"},\"alternateName\":\"POM\",\"potentialAction\":[{\"@type\":\"SearchAction\",\"target\":{\"@type\":\"EntryPoint\",\"urlTemplate\":\"https:\/\/www.produccionornamental.com\/fr\/?s={search_term_string}\"},\"query-input\":{\"@type\":\"PropertyValueSpecification\",\"valueRequired\":true,\"valueName\":\"search_term_string\"}}],\"inLanguage\":\"fr-FR\"},{\"@type\":\"Organization\",\"@id\":\"https:\/\/www.produccionornamental.com\/fr\/#organization\",\"name\":\"Producci\u00f3n Ornamental Mediterr\u00e1neo\",\"alternateName\":\"POM\",\"url\":\"https:\/\/www.produccionornamental.com\/fr\/\",\"logo\":{\"@type\":\"ImageObject\",\"inLanguage\":\"fr-FR\",\"@id\":\"https:\/\/www.produccionornamental.com\/fr\/#\/schema\/logo\/image\/\",\"url\":\"https:\/\/www.produccionornamental.com\/wp-content\/uploads\/2016\/11\/imago.png\",\"contentUrl\":\"https:\/\/www.produccionornamental.com\/wp-content\/uploads\/2016\/11\/imago.png\",\"width\":100,\"height\":100,\"caption\":\"Producci\u00f3n Ornamental Mediterr\u00e1neo\"},\"image\":{\"@id\":\"https:\/\/www.produccionornamental.com\/fr\/#\/schema\/logo\/image\/\"},\"sameAs\":[\"https:\/\/www.facebook.com\/produccionornamentalmediterraneo\",\"https:\/\/x.com\/pomproduccion\",\"https:\/\/www.linkedin.com\/in\/produccin-ornamental-mediterraneo-31146a155\/\",\"https:\/\/www.youtube.com\/channel\/UCASuatYHCPWxhlOCoBIlgzA\",\"https:\/\/www.instagram.com\/produccion_ornamental_pom\/\"]}]}<\/script>\n<!-- \/ Yoast SEO Premium plugin. -->","yoast_head_json":{"title":"Legal Warning - Producci\u00f3n Ornamental Mediterr\u00e1neo","robots":{"index":"index","follow":"follow","max-snippet":"max-snippet:-1","max-image-preview":"max-image-preview:large","max-video-preview":"max-video-preview:-1"},"canonical":"https:\/\/www.produccionornamental.com\/fr\/legal-warning\/","og_locale":"fr_FR","og_type":"article","og_title":"Legal Warning","og_description":"[vc_row css_animation=\u00a0\u00bb\u00a0\u00bb row_type=\u00a0\u00bbrow\u00a0\u00bb use_row_as_full_screen_section=\u00a0\u00bbno\u00a0\u00bb type=\u00a0\u00bbgrid\u00a0\u00bb angled_section=\u00a0\u00bbno\u00a0\u00bb text_align=\u00a0\u00bbleft\u00a0\u00bb background_image_as_pattern=\u00a0\u00bbwithout_pattern\u00a0\u00bb css=\u00a0\u00bb.vc_custom_1469025183358{padding-top: 140px !important;padding-bottom: 114px !important;}\u00a0\u00bb][vc_column][vc_column_text css=\u00a0\u00bb.vc_custom_1709798459882{margin-bottom: 50px !important;}\u00a0\u00bb] LEGAL WARNING [\/vc_column_text][vc_column_text]In compliance with the provisions of Law 34\/2002, of July 11, on Information Society Services and Electronic Commerce, the users of the website http:\/\/www.produccionornamental.com are informed, the...","og_url":"https:\/\/www.produccionornamental.com\/fr\/legal-warning\/","og_site_name":"Producci\u00f3n Ornamental Mediterr\u00e1neo","article_publisher":"https:\/\/www.facebook.com\/produccionornamentalmediterraneo","article_modified_time":"2025-12-19T08:18:13+00:00","og_image":[{"width":800,"height":525,"url":"https:\/\/www.produccionornamental.com\/wp-content\/uploads\/2016\/07\/11.jpg","type":"image\/jpeg"}],"twitter_card":"summary_large_image","twitter_site":"@pomproduccion","twitter_misc":{"Dur\u00e9e de lecture estim\u00e9e":"2 minutes"},"schema":{"@context":"https:\/\/schema.org","@graph":[{"@type":"WebPage","@id":"https:\/\/www.produccionornamental.com\/fr\/legal-warning\/","url":"https:\/\/www.produccionornamental.com\/fr\/legal-warning\/","name":"Legal Warning - Producci\u00f3n Ornamental Mediterr\u00e1neo","isPartOf":{"@id":"https:\/\/www.produccionornamental.com\/fr\/#website"},"datePublished":"2016-07-20T14:27:51+00:00","dateModified":"2025-12-19T08:18:13+00:00","breadcrumb":{"@id":"https:\/\/www.produccionornamental.com\/fr\/legal-warning\/#breadcrumb"},"inLanguage":"fr-FR","potentialAction":[{"@type":"ReadAction","target":["https:\/\/www.produccionornamental.com\/fr\/legal-warning\/"]}]},{"@type":"BreadcrumbList","@id":"https:\/\/www.produccionornamental.com\/fr\/legal-warning\/#breadcrumb","itemListElement":[{"@type":"ListItem","position":1,"name":"Portada","item":"https:\/\/www.produccionornamental.com\/fr\/"},{"@type":"ListItem","position":2,"name":"Legal Warning"}]},{"@type":"WebSite","@id":"https:\/\/www.produccionornamental.com\/fr\/#website","url":"https:\/\/www.produccionornamental.com\/fr\/","name":"Producci\u00f3n Ornamental Mediterr\u00e1neo","description":"POM es una empresa con sede en Almer\u00eda (Espa\u00f1a) especializada en la producci\u00f3n y comercializaci\u00f3n de plantas ornamentales","publisher":{"@id":"https:\/\/www.produccionornamental.com\/fr\/#organization"},"alternateName":"POM","potentialAction":[{"@type":"SearchAction","target":{"@type":"EntryPoint","urlTemplate":"https:\/\/www.produccionornamental.com\/fr\/?s={search_term_string}"},"query-input":{"@type":"PropertyValueSpecification","valueRequired":true,"valueName":"search_term_string"}}],"inLanguage":"fr-FR"},{"@type":"Organization","@id":"https:\/\/www.produccionornamental.com\/fr\/#organization","name":"Producci\u00f3n Ornamental Mediterr\u00e1neo","alternateName":"POM","url":"https:\/\/www.produccionornamental.com\/fr\/","logo":{"@type":"ImageObject","inLanguage":"fr-FR","@id":"https:\/\/www.produccionornamental.com\/fr\/#\/schema\/logo\/image\/","url":"https:\/\/www.produccionornamental.com\/wp-content\/uploads\/2016\/11\/imago.png","contentUrl":"https:\/\/www.produccionornamental.com\/wp-content\/uploads\/2016\/11\/imago.png","width":100,"height":100,"caption":"Producci\u00f3n Ornamental Mediterr\u00e1neo"},"image":{"@id":"https:\/\/www.produccionornamental.com\/fr\/#\/schema\/logo\/image\/"},"sameAs":["https:\/\/www.facebook.com\/produccionornamentalmediterraneo","https:\/\/x.com\/pomproduccion","https:\/\/www.linkedin.com\/in\/produccin-ornamental-mediterraneo-31146a155\/","https:\/\/www.youtube.com\/channel\/UCASuatYHCPWxhlOCoBIlgzA","https:\/\/www.instagram.com\/produccion_ornamental_pom\/"]}]}},"_links":{"self":[{"href":"https:\/\/www.produccionornamental.com\/fr\/wp-json\/wp\/v2\/pages\/11085","targetHints":{"allow":["GET"]}}],"collection":[{"href":"https:\/\/www.produccionornamental.com\/fr\/wp-json\/wp\/v2\/pages"}],"about":[{"href":"https:\/\/www.produccionornamental.com\/fr\/wp-json\/wp\/v2\/types\/page"}],"author":[{"embeddable":true,"href":"https:\/\/www.produccionornamental.com\/fr\/wp-json\/wp\/v2\/users\/1"}],"replies":[{"embeddable":true,"href":"https:\/\/www.produccionornamental.com\/fr\/wp-json\/wp\/v2\/comments?post=11085"}],"version-history":[{"count":1,"href":"https:\/\/www.produccionornamental.com\/fr\/wp-json\/wp\/v2\/pages\/11085\/revisions"}],"predecessor-version":[{"id":11089,"href":"https:\/\/www.produccionornamental.com\/fr\/wp-json\/wp\/v2\/pages\/11085\/revisions\/11089"}],"wp:attachment":[{"href":"https:\/\/www.produccionornamental.com\/fr\/wp-json\/wp\/v2\/media?parent=11085"}],"curies":[{"name":"wp","href":"https:\/\/api.w.org\/{rel}","templated":true}]}}